{"id":1471,"date":"2013-11-04T13:07:32","date_gmt":"2013-11-04T12:07:32","guid":{"rendered":"http:\/\/www.fabulousfulcrums.de\/cms\/?page_id=1471"},"modified":"2025-09-16T14:23:27","modified_gmt":"2025-09-16T13:23:27","slug":"reunion-2002-dierhagen","status":"publish","type":"page","link":"http:\/\/www.fabulousfulcrums.de\/cms\/?page_id=1471","title":{"rendered":"01.Reunion 2002 in Dierhagen"},"content":{"rendered":"<p style=\"text-align: center;\">F\u00fcr unsere erste Reunion fanden wir den perfekten Ort im Hotel &#8222;Fischland&#8220; in Dierhagen.<\/p>\n<p style=\"text-align: center;\"><img loading=\"lazy\" decoding=\"async\" class=\"aligncenter wp-image-1356 \" src=\"http:\/\/www.fabulousfulcrums.de\/cms\/wp-content\/uploads\/2013\/10\/01-300x225.jpg\" alt=\"01\" width=\"340\" height=\"255\" srcset=\"http:\/\/www.fabulousfulcrums.de\/cms\/wp-content\/uploads\/2013\/10\/01-300x225.jpg 300w, http:\/\/www.fabulousfulcrums.de\/cms\/wp-content\/uploads\/2013\/10\/01.jpg 1001w\" sizes=\"auto, (max-width: 340px) 100vw, 340px\" \/><\/p>\n<p style=\"text-align: center;\">In festlichem Rahmen versammelt waren alle 19 bisherigen Mitglieder der Staffel sowie 49 aufzunehmende Neumitglieder, zwei davon Ehrenmitglieder.<\/p>\n<p style=\"text-align: center;\"><a href=\"http:\/\/www.fabulousfulcrums.de\/cms\/wp-content\/uploads\/PICT0027.jpg\" data-rel=\"lightbox-image-0\" data-imagelightbox=\"0\" data-rl_title=\"\" data-rl_caption=\"\" title=\"\"><img loading=\"lazy\" decoding=\"async\" class=\"aligncenter\" src=\"http:\/\/www.fabulousfulcrums.de\/cms\/wp-content\/uploads\/PICT0027.jpg\" alt=\"\" width=\"366\" height=\"275\" \/><\/a><\/p>\n<p style=\"text-align: center;\">Nach einer kurzen Begr\u00fc\u00dfung durch unseren Staffelkapit\u00e4n Oberst a.D. Manfred Menge begr\u00fc\u00dfte uns der Vorsitzende der Gemeinschaft der Flieger deutscher Streitkr\u00e4fte Gen. a.D. J\u00f6rg K\u00fchbart.<\/p>\n<p style=\"text-align: center;\"><a href=\"http:\/\/www.fabulousfulcrums.de\/cms\/wp-content\/uploads\/2021\/02\/18.jpg\" data-rel=\"lightbox-image-1\" data-imagelightbox=\"1\" data-rl_title=\"\" data-rl_caption=\"\" title=\"\"><img loading=\"lazy\" decoding=\"async\" class=\"alignnone\" src=\"http:\/\/www.fabulousfulcrums.de\/cms\/wp-content\/uploads\/2021\/02\/18.jpg\" alt=\"\" width=\"264\" height=\"352\" \/><\/a><\/p>\n<p style=\"text-align: center;\">Anschlie\u00dfend \u00fcbernahm der EStO der Staffel OTL Peter Steiniger die administrativen Angelegenheiten und alle vorgeschlagenen Mitglieder wurden einstimmig im Pulk per Handzeichen aufgenommen, einige weitere in Abwesendheit. Die FULCRUM-Staffel hat nun 71 Mitglieder.<\/p>\n<p style=\"text-align: center;\"><a href=\"http:\/\/www.fabulousfulcrums.de\/cms\/wp-content\/uploads\/PICT0032.jpg\" data-rel=\"lightbox-image-2\" data-imagelightbox=\"2\" data-rl_title=\"\" data-rl_caption=\"\" title=\"\"><img loading=\"lazy\" decoding=\"async\" class=\"aligncenter\" src=\"http:\/\/www.fabulousfulcrums.de\/cms\/wp-content\/uploads\/PICT0032.jpg\" alt=\"\" width=\"342\" height=\"257\" \/><\/a><\/p>\n<p style=\"text-align: center;\">Jedes Mitglied bekam aus den H\u00e4nden des StaKa das Erkennungszeichen der Gemeinschft &#8211; die silberne MiG-29 &#8211; und eine russische Poljot Uhr \u00fcberreicht.<\/p>\n<p><img loading=\"lazy\" decoding=\"async\" class=\"aligncenter\" src=\"http:\/\/www.fabulousfulcrums.de\/cms\/wp-content\/uploads\/2021\/02\/13.jpg\" width=\"322\" height=\"242\" \/><\/p>\n<p style=\"text-align: center;\">Der Kommodore des Jagdgeschwader 73&#8243;Steinhoff&#8220; nutzte die Gelegenheit um den amerikanischen Austauschpiloten Doug Russell und sein Frau Kelly wieder in die USA zu verabschieden.<\/p>\n<p style=\"text-align: center;\">Nach dem offiziellen Teil wurde durch den StaKa das Buffet er\u00f6ffnet und ein wundersch\u00f6ner, geselliger Abend nahm seinen Lauf.<\/p>\n<p style=\"text-align: center;\"><a href=\"http:\/\/www.fabulousfulcrums.de\/cms\/?page_id=1345\">Bilder f\u00fcr Staffelmitglieder<\/a><\/p>\n","protected":false},"excerpt":{"rendered":"<p>F\u00fcr unsere erste Reunion fanden wir den perfekten Ort im Hotel &#8222;Fischland&#8220; in Dierhagen. In festlichem Rahmen versammelt waren alle 19 bisherigen Mitglieder der Staffel sowie 49 aufzunehmende Neumitglieder, zwei davon Ehrenmitglieder. Nach einer kurzen Begr\u00fc\u00dfung durch unseren Staffelkapit\u00e4n Oberst a.D. Manfred Menge begr\u00fc\u00dfte uns der Vorsitzende der Gemeinschaft der Flieger deutscher Streitkr\u00e4fte Gen. a.D. &hellip; <\/p>\n<p><a class=\"more-link btn\" href=\"http:\/\/www.fabulousfulcrums.de\/cms\/?page_id=1471\">Weiterlesen<\/a><\/p>\n","protected":false},"author":68,"featured_media":0,"parent":0,"menu_order":0,"comment_status":"closed","ping_status":"closed","template":"","meta":{"footnotes":""},"class_list":["post-1471","page","type-page","status-publish","hentry","nodate","item-wrap"],"_links":{"self":[{"href":"http:\/\/www.fabulousfulcrums.de\/cms\/index.php?rest_route=\/wp\/v2\/pages\/1471","targetHints":{"allow":["GET"]}}],"collection":[{"href":"http:\/\/www.fabulousfulcrums.de\/cms\/index.php?rest_route=\/wp\/v2\/pages"}],"about":[{"href":"http:\/\/www.fabulousfulcrums.de\/cms\/index.php?rest_route=\/wp\/v2\/types\/page"}],"author":[{"embeddable":true,"href":"http:\/\/www.fabulousfulcrums.de\/cms\/index.php?rest_route=\/wp\/v2\/users\/68"}],"replies":[{"embeddable":true,"href":"http:\/\/www.fabulousfulcrums.de\/cms\/index.php?rest_route=%2Fwp%2Fv2%2Fcomments&post=1471"}],"version-history":[{"count":29,"href":"http:\/\/www.fabulousfulcrums.de\/cms\/index.php?rest_route=\/wp\/v2\/pages\/1471\/revisions"}],"predecessor-version":[{"id":6148,"href":"http:\/\/www.fabulousfulcrums.de\/cms\/index.php?rest_route=\/wp\/v2\/pages\/1471\/revisions\/6148"}],"wp:attachment":[{"href":"http:\/\/www.fabulousfulcrums.de\/cms\/index.php?rest_route=%2Fwp%2Fv2%2Fmedia&parent=1471"}],"curies":[{"name":"wp","href":"https:\/\/api.w.org\/{rel}","templated":true}]}}