{"id":1490,"date":"2013-11-04T14:36:21","date_gmt":"2013-11-04T13:36:21","guid":{"rendered":"http:\/\/www.fabulousfulcrums.de\/cms\/?page_id=1490"},"modified":"2021-01-11T23:14:06","modified_gmt":"2021-01-11T21:14:06","slug":"1490-2","status":"publish","type":"page","link":"http:\/\/www.fabulousfulcrums.de\/cms\/?page_id=1490","title":{"rendered":"11.Reunion 2013 in Graal-M\u00fcritz"},"content":{"rendered":"<h3>Zur\u00fcck in der alten Heimat<\/h3>\n<p>Die FULCRUM-Staffel fand f\u00fcr ihre elfte Reunion nach den Treffen in Berlin und Leipzig wieder den Weg an die Ostsee und feierte 2013 im IFA-Hotel Graal-M\u00fcritz. 37 der 74 Staffelangeh\u00f6rigen waren mit ihrem \u201cAnhang\u201d dabei, darunter dieses Mal auch besonders viele Kinder, wie Oberstleutnant a.D. Peter \u201cStoini\u201d Steiniger hervorhob, der das erstmals f\u00fcr diesen Zweck gebuchte Hotel am Strand \u201cgesucht und gefunden\u201d hatte. Die FULCRUM-Reunions sind eben echte Familien-Events, und so versammelten sich insgesamt 77 gut gelaunte Menschen im Festsaal, nachdem der p\u00fcnktlich um 18.29 Uhr begonnene Sekt-Empfang und das obligatorische Gruppenfoto im Foyer erfolgreich absolviert worden waren.<\/p>\n<p style=\"text-align: center;\"><img loading=\"lazy\" decoding=\"async\" class=\"aligncenter\" src=\"http:\/\/www.fabulousfulcrums.de\/cms\/wp-content\/uploads\/2013\/11\/Fulcrum-Reunion_2013_034_web-300x200.jpg\" alt=\"Fulcrum-Reunion_2013_034_web\" width=\"300\" height=\"200\" \/><\/p>\n<p>Zun\u00e4chst gab es eine st\u00e4rkende Suppe, dann schritt Staffelkapit\u00e4n Generalleutnant a.D. J\u00fcrgen H\u00f6che zum Rednerpult und er\u00f6ffnete den offiziellen Teil mit einem Dank an Organisatoren und Sponsoren des Treffens, bevor er an Rechnungsf\u00fchrer Oberstleutnant J\u00fcrgen Schumann \u00fcbergab. Der konnte wie immer eine gesunde Kassenlage der Staffel nachweisen, so dass H\u00f6che die Entlastung des Vorstands nach der tags zuvor erfolgten Kassenpr\u00fcfung bekanntgeben und zur turnusm\u00e4\u00dfigen Neuwahl rufen konnte. Nach alter Tradition erfolgte diese wieder im Paket, und sowohl der StaKa als auch die Einsatzstabsoffiziere Steiniger, Oberstleutnant a.D. Bernd Pf\u00e4hler und Oberstleutnant Udo Sadzulewski sowie Rechnungsf\u00fchrer Schumann wurden per Handzeichen in ihren \u00c4mtern best\u00e4tigt. Mit 25 Sekunden Dauer konnte diese Wahl den Geschwindigkeitsrekord der vorherigen erneut einstellen. Man darf gespannt sein, wo hier die Grenze erreicht wird.<\/p>\n<p>Frisch gew\u00e4hlt, k\u00fcndigte H\u00f6che seine \u201cprogrammatische Ansprache als neuer Staffelkapit\u00e4n\u201d an. Die war denn aber doch gewohnt kurz und pointiert. Er lobte die Sch\u00f6nheit der mecklenburgischen Landschaft im goldenen Oktober und betonte, dass es bei diesem Treffen keine Ehreng\u00e4ste gebe \u201cau\u00dfer unseren Damen\u201d. Diese wiederum begl\u00fcckw\u00fcnschte er dazu, in Deutschland zu leben und nicht in Saudi-Arabien, wo die Frauen gerade einen Kampf ausfochten, um \u00fcberhaupt Auto fahren zu d\u00fcrfen. Der StaKa freute sich \u00fcber einen Brief des Kommandeurs der Offizierschule der Luftwaffe, der an den \u201cPr\u00e4sidenten der FULCRUM-Staffel\u201d gerichtet gewesen sei \u2013 \u201cDas klingt eigentlich gar nicht schlecht!\u201d \u2013 und berichtete, dass er im vergangenen Jahr zum Volkstrauertag am Ehrenmal der Luftwaffe in F\u00fcrstenfeldbruck einen Kranz im Namen der Staffel niedergelegt habe und das in diesem Jahr wiederholen wolle. Er wies auf die 2012 gegr\u00fcndete Interessengemeinschaft Luftwaffe hin, die die Belange der Teilstreitkraft gegen\u00fcber der Politik vertrete, und deren Angebot an die FULCRUM-Staffel f\u00fcr eine kooperative Mitgliedschaft: \u201cDas sollten wir machen, f\u00fcr das einzelne Mitglied entstehen keine Kosten.\u201d Den an ihn herangetragenen Vorschlag, die Reunion statt im Oktober auch einmal im Fr\u00fchjahr durchzuf\u00fchren, stellte er zur Diskussion und beendete seine Rede mit einem Lob f\u00fcr die anderen Mitglieder des Vorstands \u2013 allen voran Stoini, der lebhaften Applaus bekam.<\/p>\n<p><img loading=\"lazy\" decoding=\"async\" class=\"alignleft\" src=\"http:\/\/www.fabulousfulcrums.de\/cms\/wp-content\/uploads\/2013\/11\/Fulcrum-Reunion_2013_047_web-300x200.jpg\" alt=\"Fulcrum-Reunion_2013_047_web\" width=\"300\" height=\"200\" \/><img loading=\"lazy\" decoding=\"async\" class=\"alignright\" src=\"http:\/\/www.fabulousfulcrums.de\/cms\/wp-content\/uploads\/2013\/10\/Fulcrum-Reunion_2013_067_web-300x200.jpg\" alt=\"Fulcrum-Reunion_2013_067_web\" width=\"300\" height=\"200\" \/><\/p>\n<p>Unter dem Motto \u201cDie deutsche MiG-29, Teil 3\u201d berichtete Oberstleutnant a.D. Hans K\u00f6ck \u00fcber seine Zeit als Staffelkapit\u00e4n vom 10. August 1995 bis zum 4. September 1997. Als besondere Ereignisse in dieser Zeit nannte er die Ankunft des ersten US-Austauschpiloten Major Fred \u201cSpanky\u201d Clifton im Januar 1996 und zahlreiche NATO-\u00dcbungen und Tage der offenen T\u00fcr, an denen die deutschen MiG-29 teilnahmen. Am 1. April 1996 bekam die Fliegende Gruppe einen neuen Kommandeur, n\u00e4mlich den damaligen Oberstleutnant Karl M\u00fcllner, der anordnete, das auch fliegendes Personal an Orientierungsm\u00e4rschen teilzunehmen habe, wie sich K\u00f6ck mit leichtem Schaudern erinnerte. Stoini und Peter \u201cMeise\u201d Meisberger kamen in seiner Zeit als StaKa, andere verlie\u00dfen die Staffel: Michael Raubbach wechselte auf F-16, Ralf \u201cFrido\u201d Friedrich ging nach Cottesmore, J\u00f6rg Kresse als Air Liaison Officer zum Heer und Andy Schultz in den Ruhestand \u2013 \u201cAber nicht wirklich, wie wir danach gesehen haben.\u201d K\u00f6ck erinnerte an zahlreiche hochrangige Besuche und jede Menge Mitfl\u00fcge in der FULCRUM, an die Umr\u00fcstung f\u00fcr Langstreckenfl\u00fcge mit Zusatztanks und neuem Navigationsger\u00e4t und an den Umbau des Staffelgeb\u00e4udes: \u201cWir bekamen eine sehr sch\u00f6ne Bar und vor dem Eingang das Mosaik und die Sonnenuhr.\u201d Das sei ma\u00dfgeblich der Verdienst von Caren und Hans Liesegang gewesen: \u201cHans war sozusagen der Capo des Umbaus und Caren hat das Mosaik restauriert.\u201d<\/p>\n<p>Weniger erfreulich war die Tatsache, dass wegen der schlechten Ersatzteillage nur verh\u00e4ltnism\u00e4\u00dfig wenige Stunden geflogen werden konnten. \u201cTrotzdem haben wir aber die QRA gestellt und waren ein begehrter Trainingspartner f\u00fcr die Amerikaner und andere\u201d, so K\u00f6ck. Und nat\u00fcrlich als Negativrekord der Absturz der 29+09 am 26. Juni 1996: \u201cDa aber sehr schnell feststand, dass die Ursache ein Pilotenfehler war und kein technischer Defekt, konnten wir wenigstens gleich weiterfliegen.\u201d MiG-Fliegen habe einfach Spa\u00df gemacht, fasste K\u00f6ck zusammen, und schloss: \u201cUnd wer h\u00e4tte gedacht, dass ich schon vier Monate nach Abgabe der Staffel als stellvertretender Kommandeur Fliegende Gruppe nach Laage zur\u00fcckkehren w\u00fcrde \u2026\u201d<\/p>\n<p>Das anschlie\u00dfende Buffett war nach vorherrschender Meinung das beste seit Jahren, und viele Teller wurden gleich mehrfach wieder neu gef\u00fcllt. Die Gespr\u00e4che waren angeregt und interessant wie stets in dieser kleinen aber feinen Gemeinschaft, die die deutsche Einheit quasi in einem Mikrokosmos abbildet. Nach dem Essen war die Besetzung der Tische bald mehrfach neu gemischt, und nach und nach leerte sich der Festsaal und die Bar f\u00fcllte sich. Auch dieses Jahr war es ein Gl\u00fcck, dass die Umstellung auf Winterzeit just in dieser Nacht stattfand, und gegen f\u00fcnf Uhr alter Zeit war fast Schluss \u2013 bis auf zwei Unentwegte, die sich noch bis kurz vor f\u00fcnf Uhr neuer Zeit unterhielten. Als diese beiden denn auch endlich in ihre jeweiligen Gem\u00e4cher strebten, war dem Barmann deutlich Erleichterung anzusehen.<\/p>\n<p><a href=\"http:\/\/www.fabulousfulcrums.de\/cms\/?page_id=4085\">Bilder der Reunion f\u00fcr Staffelmitglieder<\/a><\/p>\n","protected":false},"excerpt":{"rendered":"<p>Zur\u00fcck in der alten Heimat Die FULCRUM-Staffel fand f\u00fcr ihre elfte Reunion nach den Treffen in Berlin und Leipzig wieder den Weg an die Ostsee und feierte 2013 im IFA-Hotel Graal-M\u00fcritz. 37 der 74 Staffelangeh\u00f6rigen waren mit ihrem \u201cAnhang\u201d dabei, darunter dieses Mal auch besonders viele Kinder, wie Oberstleutnant a.D. Peter \u201cStoini\u201d Steiniger hervorhob, der &hellip; <\/p>\n<p><a class=\"more-link btn\" href=\"http:\/\/www.fabulousfulcrums.de\/cms\/?page_id=1490\">Weiterlesen<\/a><\/p>\n","protected":false},"author":68,"featured_media":0,"parent":0,"menu_order":0,"comment_status":"closed","ping_status":"closed","template":"","meta":{"footnotes":""},"class_list":["post-1490","page","type-page","status-publish","hentry","nodate","item-wrap"],"_links":{"self":[{"href":"http:\/\/www.fabulousfulcrums.de\/cms\/index.php?rest_route=\/wp\/v2\/pages\/1490","targetHints":{"allow":["GET"]}}],"collection":[{"href":"http:\/\/www.fabulousfulcrums.de\/cms\/index.php?rest_route=\/wp\/v2\/pages"}],"about":[{"href":"http:\/\/www.fabulousfulcrums.de\/cms\/index.php?rest_route=\/wp\/v2\/types\/page"}],"author":[{"embeddable":true,"href":"http:\/\/www.fabulousfulcrums.de\/cms\/index.php?rest_route=\/wp\/v2\/users\/68"}],"replies":[{"embeddable":true,"href":"http:\/\/www.fabulousfulcrums.de\/cms\/index.php?rest_route=%2Fwp%2Fv2%2Fcomments&post=1490"}],"version-history":[{"count":15,"href":"http:\/\/www.fabulousfulcrums.de\/cms\/index.php?rest_route=\/wp\/v2\/pages\/1490\/revisions"}],"predecessor-version":[{"id":4162,"href":"http:\/\/www.fabulousfulcrums.de\/cms\/index.php?rest_route=\/wp\/v2\/pages\/1490\/revisions\/4162"}],"wp:attachment":[{"href":"http:\/\/www.fabulousfulcrums.de\/cms\/index.php?rest_route=%2Fwp%2Fv2%2Fmedia&parent=1490"}],"curies":[{"name":"wp","href":"https:\/\/api.w.org\/{rel}","templated":true}]}}