{"id":1504,"date":"2013-11-05T08:57:19","date_gmt":"2013-11-05T07:57:19","guid":{"rendered":"http:\/\/www.fabulousfulcrums.de\/cms\/?page_id=1504"},"modified":"2021-12-12T14:07:06","modified_gmt":"2021-12-12T13:07:06","slug":"wo-sind-sie","status":"publish","type":"page","link":"http:\/\/www.fabulousfulcrums.de\/cms\/?page_id=1504","title":{"rendered":"Wo sind sie?"},"content":{"rendered":"<p>Auf dieser Seite m\u00f6chte ich die letzten Spuren \u00fcber den Verbleib unserer Jets sammeln. Sollten SIE Informationen oder aktuelle Bilder haben, so wenden Sie sich bitte an mich, ich w\u00fcrde mich freuen!<\/p>\n<p>&nbsp;<\/p>\n<p>Unsere<a href=\"http:\/\/www.fabulousfulcrums.de\/cms\/wp-content\/uploads\/2018\/11\/Fulcrum-Reunion_001_rdy.jpg\" data-rel=\"lightbox-image-0\" data-imagelightbox=\"0\" data-rl_title=\"\" data-rl_caption=\"\" title=\"\"><span style=\"color: #ff0000;\"> 29+03<\/span><\/a> steht im Milit\u00e4rhistorischen Museum in Berlin-Gatow.<\/p>\n<p>Ein toller, detaillierter Blick ins Cockpit unserer<a href=\"http:\/\/galeria.aviateam.pl\/panorama\/11\"><span style=\"color: #ff0000;\"> 29+07<\/span> <\/a>&#8211; heute hei\u00dft sie 4101\u00a0 und fliegt in Polen.<\/p>\n<p style=\"text-align: left;\">Unsere<a href=\"http:\/\/www.fabulousfulcrums.de\/cms\/wp-content\/uploads\/2021\/01\/2917.jpg\" data-rel=\"lightbox-image-1\" data-imagelightbox=\"1\" data-rl_title=\"\" data-rl_caption=\"\" title=\"\"><span style=\"color: #ff0000;\"><span style=\"color: #ff0000;\"> 29+17<\/span><\/span><\/a> ist als 4104 in Krzesiny (EPKS) unterwegs.<\/p>\n<p style=\"text-align: left;\">Am 06.07. st\u00fcrzt die ehemalige <span style=\"color: #ff0000;\">29+16<\/span> im Nachtflug ab, der Pilot kommt dabei leider ums Leben.<\/p>\n<p>&nbsp;<\/p>\n<div class=\"\" dir=\"auto\">\n<div id=\"jsc_c_2vj\" class=\"ecm0bbzt hv4rvrfc ihqw7lf3 dati1w0a\" data-ad-comet-preview=\"message\" data-ad-preview=\"message\">\n<div class=\"j83agx80 cbu4d94t ew0dbk1b irj2b8pg\">\n<div class=\"qzhwtbm6 knvmm38d\">\n<div class=\"kvgmc6g5 cxmmr5t8 oygrvhab hcukyx3x c1et5uql ii04i59q\">\n<div dir=\"auto\"><a href=\"http:\/\/www.fabulousfulcrums.de\/cms\/?page_id=4975\"><span style=\"color: #ff0000;\">29+13 <\/span>Rudis letzte Reise.<\/a><\/div>\n<div dir=\"auto\"><\/div>\n<\/div>\n<\/div>\n<\/div>\n<\/div>\n<\/div>\n","protected":false},"excerpt":{"rendered":"<p>Auf dieser Seite m\u00f6chte ich die letzten Spuren \u00fcber den Verbleib unserer Jets sammeln. Sollten SIE Informationen oder aktuelle Bilder haben, so wenden Sie sich bitte an mich, ich w\u00fcrde mich freuen! &nbsp; Unsere 29+03 steht im Milit\u00e4rhistorischen Museum in Berlin-Gatow. Ein toller, detaillierter Blick ins Cockpit unserer 29+07 &#8211; heute hei\u00dft sie 4101\u00a0 und &hellip; <\/p>\n<p><a class=\"more-link btn\" href=\"http:\/\/www.fabulousfulcrums.de\/cms\/?page_id=1504\">Weiterlesen<\/a><\/p>\n","protected":false},"author":68,"featured_media":0,"parent":0,"menu_order":0,"comment_status":"closed","ping_status":"closed","template":"","meta":{"footnotes":""},"class_list":["post-1504","page","type-page","status-publish","hentry","nodate","item-wrap"],"_links":{"self":[{"href":"http:\/\/www.fabulousfulcrums.de\/cms\/index.php?rest_route=\/wp\/v2\/pages\/1504","targetHints":{"allow":["GET"]}}],"collection":[{"href":"http:\/\/www.fabulousfulcrums.de\/cms\/index.php?rest_route=\/wp\/v2\/pages"}],"about":[{"href":"http:\/\/www.fabulousfulcrums.de\/cms\/index.php?rest_route=\/wp\/v2\/types\/page"}],"author":[{"embeddable":true,"href":"http:\/\/www.fabulousfulcrums.de\/cms\/index.php?rest_route=\/wp\/v2\/users\/68"}],"replies":[{"embeddable":true,"href":"http:\/\/www.fabulousfulcrums.de\/cms\/index.php?rest_route=%2Fwp%2Fv2%2Fcomments&post=1504"}],"version-history":[{"count":24,"href":"http:\/\/www.fabulousfulcrums.de\/cms\/index.php?rest_route=\/wp\/v2\/pages\/1504\/revisions"}],"predecessor-version":[{"id":4978,"href":"http:\/\/www.fabulousfulcrums.de\/cms\/index.php?rest_route=\/wp\/v2\/pages\/1504\/revisions\/4978"}],"wp:attachment":[{"href":"http:\/\/www.fabulousfulcrums.de\/cms\/index.php?rest_route=%2Fwp%2Fv2%2Fmedia&parent=1504"}],"curies":[{"name":"wp","href":"https:\/\/api.w.org\/{rel}","templated":true}]}}