{"id":1568,"date":"2013-11-07T10:46:58","date_gmt":"2013-11-07T09:46:58","guid":{"rendered":"http:\/\/www.fabulousfulcrums.de\/cms\/?page_id=1568"},"modified":"2021-01-28T18:58:58","modified_gmt":"2021-01-28T16:58:58","slug":"spotter","status":"publish","type":"page","link":"http:\/\/www.fabulousfulcrums.de\/cms\/?page_id=1568","title":{"rendered":"Spotter"},"content":{"rendered":"<p style=\"text-align: left;\">Unser Flugplatz war in den Jahren 1996 bis 2008 ein wahrer Publikumsmagnet.\u00a0Eine zivile Flugplatzkomponente zu beherbergen war etwas Besonderes. Durch die zivile Nutzung der Start- und Landebahn und den Bau eines Terminals zur Passagierabfertigung im S\u00fcden des Platzes \u00f6ffnete sich die Luftwaffe einer breiteren \u00d6ffentlichkeit. So konnten viele Besucher des Terminals einen exklusiven Blick auf die Rollwege und die Start- und Landebahn werfen. Diesem Interesse wurde sogar mit dem &#8222;Bau&#8220; eines Spotterh\u00fcgels Rechnung getragen. (Leider gibt es ihn jetzt nicht mehr)\u00a0 An bestimmten Tagen trafen sich dort immer wieder Gleichgesinnte um den Flugbetrieb zu beobachten und zu fotografieren. Unser Spotterh\u00fcgel wurde \u00fcber Jahre zum Treffpunkt einer treuen Fangemeinde.<\/p>\n<p><a href=\"http:\/\/www.fabulousfulcrums.de\/cms\/?page_id=655\">Weiter zur Galerie unserer Jets<\/a><\/p>\n","protected":false},"excerpt":{"rendered":"<p>Unser Flugplatz war in den Jahren 1996 bis 2008 ein wahrer Publikumsmagnet.\u00a0Eine zivile Flugplatzkomponente zu beherbergen war etwas Besonderes. Durch die zivile Nutzung der Start- und Landebahn und den Bau eines Terminals zur Passagierabfertigung im S\u00fcden des Platzes \u00f6ffnete sich die Luftwaffe einer breiteren \u00d6ffentlichkeit. So konnten viele Besucher des Terminals einen exklusiven Blick auf &hellip; <\/p>\n<p><a class=\"more-link btn\" href=\"http:\/\/www.fabulousfulcrums.de\/cms\/?page_id=1568\">Weiterlesen<\/a><\/p>\n","protected":false},"author":68,"featured_media":0,"parent":0,"menu_order":0,"comment_status":"closed","ping_status":"closed","template":"","meta":{"footnotes":""},"class_list":["post-1568","page","type-page","status-publish","hentry","nodate","item-wrap"],"_links":{"self":[{"href":"http:\/\/www.fabulousfulcrums.de\/cms\/index.php?rest_route=\/wp\/v2\/pages\/1568","targetHints":{"allow":["GET"]}}],"collection":[{"href":"http:\/\/www.fabulousfulcrums.de\/cms\/index.php?rest_route=\/wp\/v2\/pages"}],"about":[{"href":"http:\/\/www.fabulousfulcrums.de\/cms\/index.php?rest_route=\/wp\/v2\/types\/page"}],"author":[{"embeddable":true,"href":"http:\/\/www.fabulousfulcrums.de\/cms\/index.php?rest_route=\/wp\/v2\/users\/68"}],"replies":[{"embeddable":true,"href":"http:\/\/www.fabulousfulcrums.de\/cms\/index.php?rest_route=%2Fwp%2Fv2%2Fcomments&post=1568"}],"version-history":[{"count":8,"href":"http:\/\/www.fabulousfulcrums.de\/cms\/index.php?rest_route=\/wp\/v2\/pages\/1568\/revisions"}],"predecessor-version":[{"id":4737,"href":"http:\/\/www.fabulousfulcrums.de\/cms\/index.php?rest_route=\/wp\/v2\/pages\/1568\/revisions\/4737"}],"wp:attachment":[{"href":"http:\/\/www.fabulousfulcrums.de\/cms\/index.php?rest_route=%2Fwp%2Fv2%2Fmedia&parent=1568"}],"curies":[{"name":"wp","href":"https:\/\/api.w.org\/{rel}","templated":true}]}}