{"id":1586,"date":"2013-11-07T14:13:02","date_gmt":"2013-11-07T13:13:02","guid":{"rendered":"http:\/\/www.fabulousfulcrums.de\/cms\/?page_id=1586"},"modified":"2021-01-19T08:22:52","modified_gmt":"2021-01-19T06:22:52","slug":"6-reunion-dresden","status":"publish","type":"page","link":"http:\/\/www.fabulousfulcrums.de\/cms\/?page_id=1586","title":{"rendered":"06.Reunion 2008 in Dresden"},"content":{"rendered":"<h3>MiG-29-Flieger in Dresden<\/h3>\n<p>\u201eDerartige Zusammenk\u00fcnfte gelten ja ab der dritten Wiederholung als &#8218;traditionell&#8216; \u2013 insofern k\u00f6nnen wir unsere Reunions schon bequem so bezeichnen\u201c, sagte Generalleutnant a. D. J\u00fcrgen H\u00f6che als amtierender \u201eStaffelkapit\u00e4n\u201c zur Begr\u00fc\u00dfung der im Ballsaal \u201eLindengarten\u201c des Dresdner Park-Plaza-Hotels versammelten FULCRUM-Staffel. Denn bereits zum sechsten Mal trafen sich die Mitglieder und deren Angeh\u00f6rige, um den \u201eSpirit\u201c der ehemaligen MiG-29-Flieger hochzuhalten, Neuigkeiten und Erinnerungen auszutauschen und um gemeinsam zu feiern. Gar nicht traditionell war allerdings der gew\u00e4hlte Ort, fanden die bisherigen Reunions doch allesamt in der N\u00e4he Rostocks auf dem Dar\u00df statt. Oberstleutnant a. D. Gunther Fichte, selbst in der N\u00e4he Dresdens beheimatet, hatte das Treffen an der Elbe organisiert und auch f\u00fcr eine interessante Stadtf\u00fchrung gesorgt, zu der sich \u201eacht Teilnehmer gemeldet hatten und 20 gekommen sind\u201c.<\/p>\n<p>44 der insgesamt 75 Staffel-Mitglieder hatten den Weg nach Dresden gefunden und zum Teil auch ihre Familien mitgebracht, so dass am Abend des 26. Oktober rund 80 Menschen den historischen Ballsaal bev\u00f6lkerten. Der Ende des 19. Jahrhunderts erbaute Saal erlebte seine Bl\u00fctezeit zwischen der Jahrhundertwende und dem Zweiten Weltkrieg und war auch zu DDR-Zeiten ein beliebter Veranstaltungsort f\u00fcr Theater, Konzerte und gr\u00f6\u00dfere Feiern. Das heutige Hotel wurde 1996 um den unter Denkmalschutz stehenden \u201eLindengarten\u201c herumgebaut, der schon dem Internationalen Fliegertreffen 2005 als Versammlungsort gedient hatte. Der Belle-Epoque-Stil des \u201eLindengartens\u201c verlieh auch der sechsten FULCRUM-Reunion eine ganz besondere Atmosph\u00e4re: \u201eDas ist ein toller Saal, da m\u00f6chte man tanzen\u201c, zeigte sich H\u00f6che bei seiner Ansprache beeindruckt.<\/p>\n<p>Die Reunion begann wie immer um 18.29 Uhr mit dem obligatorischen Sekt-Empfang, bevor sich das Geschehen f\u00fcr den offiziellen Teil in den Ballsaal verlagerte. Im Gedenken an die in Afghanistan gefallenen Soldaten der Bundeswehr wurde vor der Begr\u00fc\u00dfungsrede eine Schweigeminute eingelegt. Nach der Ansprache verlieh Staffelkapit\u00e4n H\u00f6che den drei neuen Mitgliedern der Staffel Oberleutnant a. D. Andreas Gall, Hauptmann a. D. Thomas Koebcke und Hauptmann a. D. Klaus Schmiedel den silbernen FULCRUM-Anstecker und die MiG-29-Uhr. \u201eRechnungsf\u00fchrer\u201c Oberstleutnant J\u00fcrgen Schumann gab seinen Bericht \u00fcberraschenderweise in Zivil ab, konnte aber die Anwesenden beruhigen: \u201eIch bin immer noch aktiver Soldat, ich hab&#8216; nur die Uniform zu Hause vergessen!\u201c Obwohl die Staffel \u201egenug Geld\u201c hat, spachen sich die Angeh\u00f6rigen auf Antrag Schumanns f\u00fcr eine Erh\u00f6hung des Migliedsbeitrags aus, um ein Polster f\u00fcr 2011 zu schaffen, wenn die Reunion zum zehnj\u00e4hrigen Bestehen der Staffel in Las Vegas stattfinden soll. \u201eWir steigen jetzt ernsthaft in die Vorbereitung ein\u201c, sagte der mit der Planung der US-Reise betraute \u201eEinsatzstabsoffizier\u201c Oberstleutnant a. D. Bernd Pf\u00e4hler. Zwar sei noch vieles offen, doch sollten sich die Staffelmitglieder im Oktober 2011 schon mal eine Woche frei halten.<\/p>\n<p>Bevor das reichhaltige Buffett er\u00f6ffnet wurde, bat der ehemalige F-4F-Pilot Major a. D. Reinhard Gakenholz die Staffel noch um Mithilfe bei einem ganz anderen Projekt: Der Modellhersteller Herpa plane, zur Erg\u00e4nzung seiner Flugzeugpalette im Ma\u00dfstab 1:200 die MiG-29 und die MiG-21 auf den Markt zu bringen \u2013 \u201eUnd da w\u00e4ren Vorschl\u00e4ge zu Ausr\u00fcstungs- und Bemalungsvarianten aus der Staffel hochwillkommen.\u201c Der f\u00fcr die Firma als Berater t\u00e4tige Gakenholz hatte zur Ansicht zwei Vorserienmodelle mitgebacht, die zwar noch Fehler aufwiesen, aber dennoch von den Anwesenden geb\u00fchrend bestaunt wurden.<\/p>\n<p>Nach dem Essen d\u00fcnnte die Besetzung des gro\u00dfen Ballsaals nach und nach zugunsten der Bar aus, die sich jedoch als wesentlich enger erwies als die R\u00e4umlichkeiten im gewohnten Hotel \u201eFischland\u201c auf dem Dar\u00df. Die Enge tat der Stimmung dennoch keinen Abbruch, und bis morgens um f\u00fcnf tagten noch die ganz \u201eEifrigen\u201c. Dabei kam ihnen zugute, dass die Umstellung auf Winterzeit just in dieser Nacht stattfand und damit eine wertvolle Stunde zum Feiern gewonnen werden konnte \u2013 auch schon fast Tradition bei den j\u00e4hrlichen Treffen der FULCRUM-Staffel.<\/p>\n<p style=\"text-align: right;\"><span style=\"font-size: 10pt;\"><em>Stefan Petersen<\/em><\/span><\/p>\n<p><a href=\"http:\/\/www.fabulousfulcrums.de\/cms\/?page_id=1403\">Bilder f\u00fcr Staffelmitglieder<\/a><\/p>\n","protected":false},"excerpt":{"rendered":"<p>MiG-29-Flieger in Dresden \u201eDerartige Zusammenk\u00fcnfte gelten ja ab der dritten Wiederholung als &#8218;traditionell&#8216; \u2013 insofern k\u00f6nnen wir unsere Reunions schon bequem so bezeichnen\u201c, sagte Generalleutnant a. D. J\u00fcrgen H\u00f6che als amtierender \u201eStaffelkapit\u00e4n\u201c zur Begr\u00fc\u00dfung der im Ballsaal \u201eLindengarten\u201c des Dresdner Park-Plaza-Hotels versammelten FULCRUM-Staffel. Denn bereits zum sechsten Mal trafen sich die Mitglieder und deren Angeh\u00f6rige, &hellip; <\/p>\n<p><a class=\"more-link btn\" href=\"http:\/\/www.fabulousfulcrums.de\/cms\/?page_id=1586\">Weiterlesen<\/a><\/p>\n","protected":false},"author":68,"featured_media":0,"parent":0,"menu_order":0,"comment_status":"closed","ping_status":"closed","template":"","meta":{"footnotes":""},"class_list":["post-1586","page","type-page","status-publish","hentry","nodate","item-wrap"],"_links":{"self":[{"href":"http:\/\/www.fabulousfulcrums.de\/cms\/index.php?rest_route=\/wp\/v2\/pages\/1586","targetHints":{"allow":["GET"]}}],"collection":[{"href":"http:\/\/www.fabulousfulcrums.de\/cms\/index.php?rest_route=\/wp\/v2\/pages"}],"about":[{"href":"http:\/\/www.fabulousfulcrums.de\/cms\/index.php?rest_route=\/wp\/v2\/types\/page"}],"author":[{"embeddable":true,"href":"http:\/\/www.fabulousfulcrums.de\/cms\/index.php?rest_route=\/wp\/v2\/users\/68"}],"replies":[{"embeddable":true,"href":"http:\/\/www.fabulousfulcrums.de\/cms\/index.php?rest_route=%2Fwp%2Fv2%2Fcomments&post=1586"}],"version-history":[{"count":12,"href":"http:\/\/www.fabulousfulcrums.de\/cms\/index.php?rest_route=\/wp\/v2\/pages\/1586\/revisions"}],"predecessor-version":[{"id":4654,"href":"http:\/\/www.fabulousfulcrums.de\/cms\/index.php?rest_route=\/wp\/v2\/pages\/1586\/revisions\/4654"}],"wp:attachment":[{"href":"http:\/\/www.fabulousfulcrums.de\/cms\/index.php?rest_route=%2Fwp%2Fv2%2Fmedia&parent=1586"}],"curies":[{"name":"wp","href":"https:\/\/api.w.org\/{rel}","templated":true}]}}