{"id":2074,"date":"2016-12-18T18:33:18","date_gmt":"2016-12-18T17:33:18","guid":{"rendered":"http:\/\/www.fabulousfulcrums.de\/cms\/?page_id=2074"},"modified":"2021-01-18T15:13:01","modified_gmt":"2021-01-18T13:13:01","slug":"731-reunion-2016","status":"publish","type":"page","link":"http:\/\/www.fabulousfulcrums.de\/cms\/?page_id=2074","title":{"rendered":"14.Reunion 2016 in Laage mit der 731 Eurofighter"},"content":{"rendered":"<h3>Eine Br\u00fccke zur aktiven Luftwaffe<\/h3>\n<p>Eigentlich sollte es im Jahr 2016 ja gar keine Reunion geben. Ausgerechnet in dem Jahr, in dem mit der 1. Fliegenden Staffel des Taktischen Luftwaffengeschwaders 73 \u201eSteinhoff\u201c \u2013 NATO-Bezeichnung 731. Squadron \u2013 die ehemalige MiG-29-Staffel mit dem Nachfolgemuster Eurofighter nach zw\u00f6lfj\u00e4hrigem Dornr\u00f6schenschlaf zu neuem Leben erwachte. Am 7. Juli hatte Oberstleutnant Lutz M\u00fcller, der Kommandeur Fliegende Gruppe des Geschwaders, die 731 unter F\u00fchrung von Major Johannes \u201eJoe\u201c Ehlert neu in Dienst gestellt \u2013 als Einsatzstaffel, die die weiterhin mit der Schulung aller Eurofighter-Piloten der Luftwaffe betraute 2. Fliegende Staffel erg\u00e4nzt.<a href=\"http:\/\/www.fabulousfulcrums.de\/cms\/wp-content\/uploads\/2016\/12\/P1120620.jpg\" data-rel=\"lightbox-image-0\" data-imagelightbox=\"0\" data-rl_title=\"\" data-rl_caption=\"\" title=\"\"><img loading=\"lazy\" decoding=\"async\" class=\"alignleft wp-image-2083\" src=\"http:\/\/www.fabulousfulcrums.de\/cms\/wp-content\/uploads\/2016\/12\/P1120620-133x100.jpg\" alt=\"\" width=\"186\" height=\"139\" srcset=\"http:\/\/www.fabulousfulcrums.de\/cms\/wp-content\/uploads\/2016\/12\/P1120620-133x100.jpg 133w, http:\/\/www.fabulousfulcrums.de\/cms\/wp-content\/uploads\/2016\/12\/P1120620-300x225.jpg 300w, http:\/\/www.fabulousfulcrums.de\/cms\/wp-content\/uploads\/2016\/12\/P1120620-768x576.jpg 768w, http:\/\/www.fabulousfulcrums.de\/cms\/wp-content\/uploads\/2016\/12\/P1120620-1024x768.jpg 1024w, http:\/\/www.fabulousfulcrums.de\/cms\/wp-content\/uploads\/2016\/12\/P1120620-160x120.jpg 160w\" sizes=\"auto, (max-width: 186px) 100vw, 186px\" \/><\/a><\/p>\n<p>Das brachte Oberstleutnant a.D. Peter \u201eSTOINI\u201c Steiniger, einen der beiden Einsatzstabsoffiziere der FULCRUM-Traditionsstaffel, auf die Idee, doch noch eine Reunion zu organisieren \u2013 und zwar nicht nur als Zusammenkunft der ehemaligen MiG-29-Piloten, sondern als gemeinsame Indienststellungs-Party mit der neuen 731. Also eine Reunion im wahren Sinne, eine, die eine Verbindung zwischen beiden Flieger-Generationen schafft. Steiniger f\u00fchlte vor, wie die Geschwaderf\u00fchrung und die Staffel zu der Idee stehen w\u00fcrden \u2013 und rannte offene T\u00fcren ein: Die ereignisreiche MiG-29-Zeit faszinierte die jungen Flugzeugf\u00fchrer, und Kommodore Oberstleutnant Gero von Fritschen war schlie\u00dflich selbst einst FULCRUM-Pilot gewesen.<\/p>\n<p>So versammelten sich am Freitag, 9. September, nicht nur die Aktiven der 731 mit ihren Angeh\u00f6rigen und Freunden im Bereich des Staffelgeb\u00e4udes, sondern auch rund 20 Mitglieder der FULCRUM-Traditionsstaffel samt Anhang. Und aus dem polnischen Malbork war eine der Ex-Luftwaffen-MiG-29 nach Laage gekommen, begleitet von einer Abordnung von Piloten und Technikern der 41. Eskadra Lotnictwa Taktycznego (41. ELT). Es wurde eine grandiose Party.<\/p>\n<p>\u201eWenn mir das einer vor einem Jahr gesagt h\u00e4tte, dass ich heute hier als Staffelkapit\u00e4n stehe, h\u00e4tte ich ihn f\u00fcr verr\u00fcckt erkl\u00e4rt\u201c, begann \u201eJoe\u201c Ehlert seine Begr\u00fc\u00dfung. Er pr\u00e4sentierte den G\u00e4sten seine Truppe und hob unter anderem besonders Hauptfeldwebel Udo Leucht hervor, der mit daf\u00fcr gesorgt hatte, dass in dem komplett sanierten und umgestalteten Geb\u00e4ude wieder <a href=\"http:\/\/www.fabulousfulcrums.de\/cms\/wp-content\/uploads\/2016\/12\/P1120650.jpg\" data-rel=\"lightbox-image-1\" data-imagelightbox=\"1\" data-rl_title=\"\" data-rl_caption=\"\" title=\"\"><img loading=\"lazy\" decoding=\"async\" class=\"alignright wp-image-2086\" src=\"http:\/\/www.fabulousfulcrums.de\/cms\/wp-content\/uploads\/2016\/12\/P1120650.jpg\" alt=\"\" width=\"246\" height=\"185\" srcset=\"http:\/\/www.fabulousfulcrums.de\/cms\/wp-content\/uploads\/2016\/12\/P1120650.jpg 4320w, http:\/\/www.fabulousfulcrums.de\/cms\/wp-content\/uploads\/2016\/12\/P1120650-133x100.jpg 133w, http:\/\/www.fabulousfulcrums.de\/cms\/wp-content\/uploads\/2016\/12\/P1120650-300x225.jpg 300w, http:\/\/www.fabulousfulcrums.de\/cms\/wp-content\/uploads\/2016\/12\/P1120650-768x576.jpg 768w, http:\/\/www.fabulousfulcrums.de\/cms\/wp-content\/uploads\/2016\/12\/P1120650-1024x768.jpg 1024w, http:\/\/www.fabulousfulcrums.de\/cms\/wp-content\/uploads\/2016\/12\/P1120650-160x120.jpg 160w\" sizes=\"auto, (max-width: 246px) 100vw, 246px\" \/><\/a>eine Staffelbar entstanden war, die in Teilen sogar an die alte MiG-29-Bar erinnerte \u2013 immerhin war Leucht auch schon w\u00e4hrend der FULCRUM-Zeit im Gefechtsstand der 731 t\u00e4tig gewesen. Tats\u00e4chlich hatte Leucht so viel an alten Best\u00e4nden verbaut, dass Steiniger f\u00fcr die geplanten Geschenke der alten an die neue 731-Generation nur wenig Material vorfand.<\/p>\n<p>Trotzdem wurde Steiniger f\u00fcndig \u2013 und konnte dann doch noch eine ganze Reihe ehemaliger Utensilien aus MiG-29-Zeiten an die Eurofighter-Driver \u00fcbergeben. Zum Beispiel die Ampel: \u201eBei uns bedeutete Gr\u00fcn: Flugdienst, Rot: Staffelbar ge\u00f6ffnet, und Gelb in Verbindung mit dem L\u00e4uten einer Kuhglocke: Angeh\u00f6rige der 2. Staffel im Geb\u00e4ude\u201c, erl\u00e4uterte er, als die einzelnen St\u00fccke vorgestellt wurden. Wie etwa die alte Tafel mit den \u201eRegeln zur Pflege der Kameradschaft und des Guten Geistes\u201c. Oder die als alkoholischer Spender an einem Brett befestigte \u201eBlack Bottle\u201c, bei der die Menge des Inhalts nicht erkennbar ist und derjenige eine neue Flasche kaufen muss, der nichts mehr heraus bekommt. Oder die alte Pinwand des Flugsicherheitsoffiziers mit der handgemalten MiG-29 darauf, die f\u00fcr die \u00dcbergabe mit dem neuen Staffelwappen und einem dazugemalten Eurofighter hinter der FULCRUM \u201egepimpt\u201c wurde, wie Steiniger sich ausdr\u00fcckte: \u201eDas kann\u00a0 jetzt ein Engagement werden \u2013 oder aber auch ein Rejoin, denn es ist ja eine deutsche MiG.\u201c Oder auch das Hauptgeschenk, eine alte MiG-21-Frontscheibe mit den als Inschrift festgehaltenen W\u00fcnschen der alten f\u00fcr die neuen Piloten der 731, die da w\u00e4ren: Fliegergl\u00fcck, Zusammenhalt, Kameradschaft und Freundschaft. Kommodore von Fritschen war es vorbehalten, dieses St\u00fcck zu pr\u00e4sentieren, das im Anschluss vom Kapit\u00e4n der FULCRUM-Traditionsstaffel, Generalleutnant a.D. J\u00fcrgen H\u00f6che, feierlich an Major Ehlert \u00fcbergeben wurde.<a href=\"http:\/\/www.fabulousfulcrums.de\/cms\/wp-content\/uploads\/2016\/12\/731.jpg\" data-rel=\"lightbox-image-2\" data-imagelightbox=\"2\" data-rl_title=\"\" data-rl_caption=\"\" title=\"\"><img loading=\"lazy\" decoding=\"async\" class=\" wp-image-2092 alignleft\" src=\"http:\/\/www.fabulousfulcrums.de\/cms\/wp-content\/uploads\/2016\/12\/731-156x300.jpg\" alt=\"\" width=\"144\" height=\"266\" \/><\/a><\/p>\n<p>Der Augenblick mit der h\u00f6chsten Symbolkraft aber war die \u00dcbergabe der MiG-Modelle an die jungen Flugzeugf\u00fchrer. \u201eF\u00fcr jeden wurde ein Holzmodell mit Namen und dem Emblem der alten 731 gefertigt\u201c, erz\u00e4hlt Steiniger. Und sie wurden nicht en bloc \u00fcbergeben, sondern jeweils von einem MiG- an einen Eurofighter-Piloten. Ein Volltreffer: \u201eDanach haben mir einige der Beschenkten erz\u00e4hlt, dass sie bei der \u00dcbergabe einen erh\u00f6hten Pulsschlag hatten \u2013 sehr sympathisch.\u201c<\/p>\n<p>H\u00f6che bedankte sich in seiner Ansprache f\u00fcr die Einladung und gab seiner Hoffnung Ausdruck, dass die Eurofighter-Staffel die FULCRUM-Traditionsstaffel auch in Zukunft mittragen werde. \u201eDenn mit der Verbindung zur neuen 731 haben wir Ehemaligen eine Br\u00fccke zur aktiven Luftwaffe bekommen.\u201c Er habe sich in der alten 731 jedenfalls immer wohl gef\u00fchlt. \u201eUnd jetzt ein Horrido auf die neue!\u201c<\/p>\n<p style=\"text-align: left;\">Auch die polnische Abordnung zeigte sich sichtlich erfreut, bei der Zeremonie dabei sein zu k\u00f6nnen. \u201eWir haben eine Menge von Euch gelernt\u201c, sagte der Kommandof\u00fchrer aus Malbork, als er Staffelkapit\u00e4n Ehlert das gerahmte Bild einer \u2013 jetzt \u2013 polnischen MiG \u00fcbergab.<\/p>\n<p style=\"text-align: left;\">Damit war der offizielle Teil beendet, und die Party nahm ihren Lauf, nat\u00fcrlich bis in die fr\u00fchen Morgenstunden. Kurz vor Mitternacht wurde auch das obligatorische Klavier \u201ezum Opfer\u201c nach drau\u00dfen getragen. Das an der Vorderseite befestigte Schild mit der Aufschrift \u201eDo not use as firewood\u201c wurde zur Makulatur, als das Instrument an der R\u00fcckseite fachm\u00e4nnisch in Brand gesetzt wurde. And\u00e4chtig umstanden Aktive, Ehemalige und G\u00e4ste das lodernde Feuer. Und die Polen guckten staunend zu: \u201eDiese Tradition kennen wir nicht!\u201c Ob sie \u00fcbernommen wird? Das wird die Zukunft zeigen.<\/p>\n<p><a href=\"http:\/\/www.fabulousfulcrums.de\/cms\/?page_id=4145\">Bilder f\u00fcr Staffelmitglieder<\/a><\/p>\n<p><img loading=\"lazy\" decoding=\"async\" class=\"aligncenter wp-image-2091\" src=\"http:\/\/www.fabulousfulcrums.de\/cms\/wp-content\/uploads\/2016\/12\/P1120697-133x100.jpg\" alt=\"\" width=\"196\" height=\"154\" \/><\/p>\n<p><em>Stefan Petersen<\/em><\/p>\n<p>&nbsp;<\/p>\n","protected":false},"excerpt":{"rendered":"<p>Eine Br\u00fccke zur aktiven Luftwaffe Eigentlich sollte es im Jahr 2016 ja gar keine Reunion geben. Ausgerechnet in dem Jahr, in dem mit der 1. Fliegenden Staffel des Taktischen Luftwaffengeschwaders 73 \u201eSteinhoff\u201c \u2013 NATO-Bezeichnung 731. Squadron \u2013 die ehemalige MiG-29-Staffel mit dem Nachfolgemuster Eurofighter nach zw\u00f6lfj\u00e4hrigem Dornr\u00f6schenschlaf zu neuem Leben erwachte. Am 7. Juli hatte &hellip; <\/p>\n<p><a class=\"more-link btn\" href=\"http:\/\/www.fabulousfulcrums.de\/cms\/?page_id=2074\">Weiterlesen<\/a><\/p>\n","protected":false},"author":68,"featured_media":0,"parent":0,"menu_order":0,"comment_status":"closed","ping_status":"closed","template":"","meta":{"footnotes":""},"class_list":["post-2074","page","type-page","status-publish","hentry","nodate","item-wrap"],"_links":{"self":[{"href":"http:\/\/www.fabulousfulcrums.de\/cms\/index.php?rest_route=\/wp\/v2\/pages\/2074","targetHints":{"allow":["GET"]}}],"collection":[{"href":"http:\/\/www.fabulousfulcrums.de\/cms\/index.php?rest_route=\/wp\/v2\/pages"}],"about":[{"href":"http:\/\/www.fabulousfulcrums.de\/cms\/index.php?rest_route=\/wp\/v2\/types\/page"}],"author":[{"embeddable":true,"href":"http:\/\/www.fabulousfulcrums.de\/cms\/index.php?rest_route=\/wp\/v2\/users\/68"}],"replies":[{"embeddable":true,"href":"http:\/\/www.fabulousfulcrums.de\/cms\/index.php?rest_route=%2Fwp%2Fv2%2Fcomments&post=2074"}],"version-history":[{"count":24,"href":"http:\/\/www.fabulousfulcrums.de\/cms\/index.php?rest_route=\/wp\/v2\/pages\/2074\/revisions"}],"predecessor-version":[{"id":4649,"href":"http:\/\/www.fabulousfulcrums.de\/cms\/index.php?rest_route=\/wp\/v2\/pages\/2074\/revisions\/4649"}],"wp:attachment":[{"href":"http:\/\/www.fabulousfulcrums.de\/cms\/index.php?rest_route=%2Fwp%2Fv2%2Fmedia&parent=2074"}],"curies":[{"name":"wp","href":"https:\/\/api.w.org\/{rel}","templated":true}]}}