{"id":2619,"date":"2019-11-15T19:57:43","date_gmt":"2019-11-15T18:57:43","guid":{"rendered":"http:\/\/www.fabulousfulcrums.de\/cms\/?page_id=2619"},"modified":"2023-01-03T10:06:05","modified_gmt":"2023-01-03T09:06:05","slug":"17-reunion-2019-rostock","status":"publish","type":"page","link":"http:\/\/www.fabulousfulcrums.de\/cms\/?page_id=2619","title":{"rendered":"17.Reunion 2019 in Rostock"},"content":{"rendered":"<p><span style=\"font-size: 10pt;\"><\/span><\/p>\r\n<h3><span style=\"font-size: 18pt; font-family: Lato;\">\u2026mit den Schweizern.<\/span><\/h3>\r\n<p><span style=\"font-size: 12pt; font-family: Lato;\"><img loading=\"lazy\" decoding=\"async\" class=\"aligncenter wp-image-2680 size-medium_large\" src=\"http:\/\/www.fabulousfulcrums.de\/cms\/wp-content\/uploads\/2019\/11\/FULCRUM-REUNION_2019_GRUPPENBILD-768x192.jpg\" alt=\"\" width=\"768\" height=\"192\" srcset=\"http:\/\/www.fabulousfulcrums.de\/cms\/wp-content\/uploads\/2019\/11\/FULCRUM-REUNION_2019_GRUPPENBILD-768x192.jpg 768w, http:\/\/www.fabulousfulcrums.de\/cms\/wp-content\/uploads\/2019\/11\/FULCRUM-REUNION_2019_GRUPPENBILD-300x75.jpg 300w, http:\/\/www.fabulousfulcrums.de\/cms\/wp-content\/uploads\/2019\/11\/FULCRUM-REUNION_2019_GRUPPENBILD-1024x256.jpg 1024w, http:\/\/www.fabulousfulcrums.de\/cms\/wp-content\/uploads\/2019\/11\/FULCRUM-REUNION_2019_GRUPPENBILD-150x38.jpg 150w, http:\/\/www.fabulousfulcrums.de\/cms\/wp-content\/uploads\/2019\/11\/FULCRUM-REUNION_2019_GRUPPENBILD-1536x384.jpg 1536w, http:\/\/www.fabulousfulcrums.de\/cms\/wp-content\/uploads\/2019\/11\/FULCRUM-REUNION_2019_GRUPPENBILD-2048x512.jpg 2048w, http:\/\/www.fabulousfulcrums.de\/cms\/wp-content\/uploads\/2019\/11\/FULCRUM-REUNION_2019_GRUPPENBILD-480x120.jpg 480w\" sizes=\"auto, (max-width: 768px) 100vw, 768px\" \/><\/span><\/p>\r\n<p><span style=\"font-size: 12pt; font-family: Lato;\">\r\n\r\n<\/span><\/p>\r\n<p><span style=\"font-size: 12pt; font-family: Lato;\">Vom ersten Tag ihrer \u00dcbernahme in die Luftwaffe an waren die MiG-29 des Jagdgeschwaders 73 \u201eSteinhoff\u201c international gefragt, als Sparrings-Partner f\u00fcr NATO-Einheiten in Europa und in \u00dcbersee. So war Englisch eigentlich die Hauptsprache bei allen diesen Anl\u00e4ssen, vom \u201eArbeits-Besuch\u201c diverser Staffeln in Laage bis hin zu internationalen \u00dcbungen wie RED FLAG in Las Vegas\/Nevada. Doch bei zwei Events \u2013 den \u201eFULCRUM Campaigns\u201c FULCA 2002 und 2003 \u2013 wurde Deutsch gesprochen: Als die MiGs mit dem Eisernen Kreuz am Rumpf nach D\u00fcbendorf in der Schweiz verlegten, um mit der dort stationierten Staffel 11 der eidgen\u00f6ssischen Luftwaffe in den Alpen zu \u00fcben, und die F\/A-18 der \u201eTiger\u201c-Staffel im Folgejahr an der Ostsee zum Gegenbesuch begr\u00fc\u00dft wurden. Was lag n\u00e4her, als die Freundschaft auf einem Treffen der FULCRUM-Traditionsstaffel aufzufrischen?<\/span><\/p>\r\n<p><span style=\"font-size: 12pt; font-family: Lato;\">\r\n\r\n<\/span><\/p>\r\n<p><span style=\"font-size: 12pt; font-family: Lato;\">Das dachte sich auch Oberstleutnant a.D. Peter \u201eStoini\u201c Steiniger, einer der drei \u201eEinsatzoffiziere\u201c der FULCRUM-Staffel, und nahm Kontakt zu den Schweizern auf. \u201eMir schlug f\u00f6rmlich eine Welle der Begeisterung entgegen\u201c, erz\u00e4hlt er. Und so fand die 17. Reunion der Traditionsgemeinschaft mit Schweizer Beteiligung statt: Sechs G\u00e4ste aus der Schweiz \u2013 zum Teil noch aktiv beim Milit\u00e4r, zum Teil in der Miliz und zum Teil inzwischen bei der Airline SWISS \u2013 waren zu Gast in Rostock. \u201ePablo, Jos\u00e9, H\u00f6ffi, Goofi, Junkie und Deli \u2013 Stoini hat mir die echten Vornamen erst gar nicht mitgeteilt\u201c, sagte \u201eStaffelkapit\u00e4n\u201c Generalleutnant a.D. J\u00fcrgen H\u00f6che bei der Begr\u00fc\u00dfung der Teilnehmer, darunter der amtierende Inspekteur der Luftwaffe, Generalleutnant Ingo Gerhartz mit seiner Frau und den beiden S\u00f6hnen. Dessen Vorg\u00e4nger, Generalleutnant a.D. Karl M\u00fcllner, hatte leider kurzfristig ebenso absagen m\u00fcssen wie Oberst a.D. Peter \u201ePitt\u201c Hauser, der letzte MiG-29-Kommodore des JG 73 \u201eS\u201c, wie H\u00f6che bedauernd mitteilte.<\/span><\/p>\r\n<p><span style=\"font-size: 12pt; font-family: Lato;\">\r\n\r\n<\/span><\/p>\r\n<p><span style=\"font-size: 12pt; font-family: Lato;\">Insbesondere f\u00fcr Steinigers Organisationstalent fand er lobende Worte: \u201eOhne ihn ginge hier nichts\u201c, sagte H\u00f6che und f\u00fcgte hinzu: \u201eDer Hauptverdienst f\u00fcr diese Reunion liegt bei ihm \u2013 es war seine Idee, die Schweizer einzuladen.\u201c F\u00fcr die anwesenden Damen unter den rund 70 G\u00e4sten \u2013 darunter 28 Staffel-Mitglieder \u2013 hatte H\u00f6che seinen, wie er sagte, \u201eStandardspruch\u201c parat: \u201eEhret die Frauen, sie wirken und weben, himmlische F\u00e4cher aus irdischem Leben.\u201c Am Beispiel der Schweiz wies der Generalleutnant a.D. darauf hin, wie wichtig Streitkr\u00e4fte seien: \u201eMan muss wehrbereit sein, auch wenn man keine Feinde hat, schon damit dann keiner zum Feind wird.\u201c Die FULCA-Kampagnen seien nicht nur erfolgreich gewesen, sondern h\u00e4tten auch Freundschaften begr\u00fcndet, in diesem Fall sogar zwischen einem NATO- und einem neutralen Land, so H\u00f6che weiter. Und diesen Ball nahm dann Jos\u00e9 auf, der das Unternehmen auf Schweizer Seite organisiert hatte und einen R\u00fcckblick auf den Beginn der Freundschaft warf.<\/span><\/p>\r\n<p><span style=\"font-size: 12pt; font-family: Lato;\">\r\n\r\n<\/span><\/p>\r\n<p><span style=\"font-size: 12pt; font-family: Lato;\"><img loading=\"lazy\" decoding=\"async\" class=\"alignleft wp-image-2671 size-medium\" src=\"http:\/\/www.fabulousfulcrums.de\/cms\/wp-content\/uploads\/2019\/11\/Fulcrum_Reunion_2019_093_rdy-300x200.jpg\" alt=\"\" width=\"300\" height=\"200\" srcset=\"http:\/\/www.fabulousfulcrums.de\/cms\/wp-content\/uploads\/2019\/11\/Fulcrum_Reunion_2019_093_rdy-300x200.jpg 300w, http:\/\/www.fabulousfulcrums.de\/cms\/wp-content\/uploads\/2019\/11\/Fulcrum_Reunion_2019_093_rdy-1024x683.jpg 1024w, http:\/\/www.fabulousfulcrums.de\/cms\/wp-content\/uploads\/2019\/11\/Fulcrum_Reunion_2019_093_rdy-150x100.jpg 150w, http:\/\/www.fabulousfulcrums.de\/cms\/wp-content\/uploads\/2019\/11\/Fulcrum_Reunion_2019_093_rdy-768x512.jpg 768w, http:\/\/www.fabulousfulcrums.de\/cms\/wp-content\/uploads\/2019\/11\/Fulcrum_Reunion_2019_093_rdy-1536x1024.jpg 1536w, http:\/\/www.fabulousfulcrums.de\/cms\/wp-content\/uploads\/2019\/11\/Fulcrum_Reunion_2019_093_rdy-2048x1365.jpg 2048w, http:\/\/www.fabulousfulcrums.de\/cms\/wp-content\/uploads\/2019\/11\/Fulcrum_Reunion_2019_093_rdy-180x120.jpg 180w\" sizes=\"auto, (max-width: 300px) 100vw, 300px\" \/>\u201eBegonnen hat alles mit einer Reise zur US-Air-Force-Europe-Basis Spangdahlem, wo wir einige der deutschen MiG-Piloten kennen gelernt haben\u201c, erz\u00e4hlte er. Da sei die Idee gekommen, doch mal etwas gemeinsam zu machen. \u201eDas war 1998. Und H\u00f6ffi hat einen entsprechenden Antrag geschrieben.\u201c Danach h\u00e4tten er und Deli Rostock privat besucht und den Kontakt aufgefrischt. \u201eUnd H\u00f6ffi hat 1999 wieder einen entsprechenden Antrag geschrieben.\u201c Auch beim \u00dcbungs-Aufenthalt des JG 73 \u201eS\u201c in Decimomannu im Jahr 2000 habe man sich getroffen. \u201eUnd H\u00f6ffi schrieb einen Antrag.\u201c 2001 schlie\u00dflich sei das Vorhaben FULCA 2002 dann endlich festgeklopft worden. Und am 17. April 2002 war es dann so weit: Die MiGs landeten zu ihrem 14-t\u00e4gigen Besuch in D\u00fcbendorf.<\/span><\/p>\r\n<p><span style=\"font-size: 12pt; font-family: Lato;\">\r\n\r\n<\/span><\/p>\r\n<p><span style=\"font-size: 12pt; font-family: Lato;\">Mit zahlreichen an eine Leinwand projizierten Fotos der Kampagne \u2013 darunter auch beeindruckenden Bildern von MiG-29 und F\/A-18 in Formation \u00fcber dem Matterhorn \u2013 unterstrich Jos\u00e9 seine Ausf\u00fchrungen. Die zeigten nicht nur die gemeinsame Fliegerei, \u00fcber die eine Schweizer Zeitung mit der \u00dcberschrift \u201eLuftkampf \u00fcber den Alpen: Gegen die MiGs hatten unsere Hornissen keinen Stich\u201c ganzseitig berichtet hatte. Sondern auch die begleitenden Events in ziviler Kleidung, die Jos\u00e9 mit humorigen Sticheleien zur damaligen Hemden- und Sonnenbrillen-Mode kommentierte.<\/span><\/p>\r\n<p><span style=\"font-size: 12pt; font-family: Lato;\">\r\n\r\n<\/span><\/p>\r\n<p><span style=\"font-size: 12pt; font-family: Lato;\">Sein Fazit: \u201eAuch nach 28 Jahren in der Schweizer Luftwaffe sind FULCA 2002 und 2003 f\u00fcr mich noch immer die Highlights \u2013 und das sage ich nicht nur wegen der Maschinen.\u201c Man sei damals \u201eunter Freunden\u201c geflogen. \u201eUnd die haben alle B\u00fccher f\u00fcr uns aufgemacht und uns hineinschauen lassen.\u201c Das Verh\u00e4ltnis sei extrem unkompliziert gewesen, obwohl der Eidgenosse an sich doch immer so viele Probleme mit den Deutschen habe: \u201eIhr <img loading=\"lazy\" decoding=\"async\" class=\"alignright wp-image-2677 size-medium\" src=\"http:\/\/www.fabulousfulcrums.de\/cms\/wp-content\/uploads\/2019\/11\/Fulcrum_Reunion_2019_143_rdy-300x200.jpg\" alt=\"\" width=\"300\" height=\"200\" srcset=\"http:\/\/www.fabulousfulcrums.de\/cms\/wp-content\/uploads\/2019\/11\/Fulcrum_Reunion_2019_143_rdy-300x200.jpg 300w, http:\/\/www.fabulousfulcrums.de\/cms\/wp-content\/uploads\/2019\/11\/Fulcrum_Reunion_2019_143_rdy-1024x683.jpg 1024w, http:\/\/www.fabulousfulcrums.de\/cms\/wp-content\/uploads\/2019\/11\/Fulcrum_Reunion_2019_143_rdy-150x100.jpg 150w, http:\/\/www.fabulousfulcrums.de\/cms\/wp-content\/uploads\/2019\/11\/Fulcrum_Reunion_2019_143_rdy-768x512.jpg 768w, http:\/\/www.fabulousfulcrums.de\/cms\/wp-content\/uploads\/2019\/11\/Fulcrum_Reunion_2019_143_rdy-1536x1024.jpg 1536w, http:\/\/www.fabulousfulcrums.de\/cms\/wp-content\/uploads\/2019\/11\/Fulcrum_Reunion_2019_143_rdy-2048x1365.jpg 2048w, http:\/\/www.fabulousfulcrums.de\/cms\/wp-content\/uploads\/2019\/11\/Fulcrum_Reunion_2019_143_rdy-180x120.jpg 180w\" sizes=\"auto, (max-width: 300px) 100vw, 300px\" \/>verstopft immer den Gotthard-Tunnel und sprecht auch besser Hochdeutsch als wir.\u201c Und dann beginne man miteinander zu arbeiten. \u201eUnd sieht: Ihr seid auch nur Schweizer!\u201c An dieser bemerkenswerten Stelle musste Jos\u00e9 den Vortrag wegen des allgemeinen Heiterkeitsausbruchs im Saal kurz unterbrechen, bevor er ihn beenden konnte und eine Erkl\u00e4rung f\u00fcr seine k\u00fchne Behauptung lieferte: \u201eDie gleiche Planungssicherheit, die gleiche Verl\u00e4sslichkeit, die gleiche P\u00fcnktlichkeit.\u201c Und eben auch die gemeinsame Sprache. Mit der nach dem Ansto\u00dfen mit Appenzeller Kr\u00e4uter noch zahlreiche Gespr\u00e4che bis sp\u00e4t in die Nacht hinein an der Bar gef\u00fchrt wurden.<\/span><\/p>\r\n<p><span style=\"font-size: 12pt; font-family: Lato;\">\r\n\r\n<\/span><\/p>\r\n<p><span style=\"font-size: 12pt; font-family: Lato;\">Irgendwann zwischen Appenzeller und Priese Schnupftabak wurde beschlossen, dass die gemeinsam begangene 17. Reunion nicht die letzte bleiben solle: \u201e2022 sollten wir uns in der Schweiz treffen\u201c, so Peter Steiniger. \u201eDas w\u00e4re 20 Jahre nach der Kampagne \u2013 und das muss doch gefeiert werden!\u201c <\/span><\/p>\r\n<p><span style=\"font-size: 12pt; font-family: Lato;\">\r\n\r\n<\/span><\/p>\r\n<p><a href=\"http:\/\/www.fabulousfulcrums.de\/cms\/?page_id=4152\"><span style=\"font-size: 12pt; font-family: Lato;\">Bilder f\u00fcr Mitglieder<\/span><\/a><\/p>\r\n<p><span style=\"font-size: 10pt;\"><\/span><\/p>","protected":false},"excerpt":{"rendered":"<p>\u2026mit den Schweizern. Vom ersten Tag ihrer \u00dcbernahme in die Luftwaffe an waren die MiG-29 des Jagdgeschwaders 73 \u201eSteinhoff\u201c international gefragt, als Sparrings-Partner f\u00fcr NATO-Einheiten in Europa und in \u00dcbersee. So war Englisch eigentlich die Hauptsprache bei allen diesen Anl\u00e4ssen, vom \u201eArbeits-Besuch\u201c diverser Staffeln in Laage bis hin zu internationalen \u00dcbungen wie RED FLAG in &hellip; <\/p>\n<p><a class=\"more-link btn\" href=\"http:\/\/www.fabulousfulcrums.de\/cms\/?page_id=2619\">Weiterlesen<\/a><\/p>\n","protected":false},"author":68,"featured_media":0,"parent":0,"menu_order":0,"comment_status":"closed","ping_status":"closed","template":"","meta":{"footnotes":""},"class_list":["post-2619","page","type-page","status-publish","hentry","nodate","item-wrap"],"_links":{"self":[{"href":"http:\/\/www.fabulousfulcrums.de\/cms\/index.php?rest_route=\/wp\/v2\/pages\/2619","targetHints":{"allow":["GET"]}}],"collection":[{"href":"http:\/\/www.fabulousfulcrums.de\/cms\/index.php?rest_route=\/wp\/v2\/pages"}],"about":[{"href":"http:\/\/www.fabulousfulcrums.de\/cms\/index.php?rest_route=\/wp\/v2\/types\/page"}],"author":[{"embeddable":true,"href":"http:\/\/www.fabulousfulcrums.de\/cms\/index.php?rest_route=\/wp\/v2\/users\/68"}],"replies":[{"embeddable":true,"href":"http:\/\/www.fabulousfulcrums.de\/cms\/index.php?rest_route=%2Fwp%2Fv2%2Fcomments&post=2619"}],"version-history":[{"count":28,"href":"http:\/\/www.fabulousfulcrums.de\/cms\/index.php?rest_route=\/wp\/v2\/pages\/2619\/revisions"}],"predecessor-version":[{"id":5093,"href":"http:\/\/www.fabulousfulcrums.de\/cms\/index.php?rest_route=\/wp\/v2\/pages\/2619\/revisions\/5093"}],"wp:attachment":[{"href":"http:\/\/www.fabulousfulcrums.de\/cms\/index.php?rest_route=%2Fwp%2Fv2%2Fmedia&parent=2619"}],"curies":[{"name":"wp","href":"https:\/\/api.w.org\/{rel}","templated":true}]}}