{"id":2711,"date":"2019-11-18T15:16:05","date_gmt":"2019-11-18T14:16:05","guid":{"rendered":"http:\/\/www.fabulousfulcrums.de\/cms\/?page_id=2711"},"modified":"2021-02-02T18:54:15","modified_gmt":"2021-02-02T16:54:15","slug":"fulcrum-staffel","status":"publish","type":"page","link":"http:\/\/www.fabulousfulcrums.de\/cms\/?page_id=2711","title":{"rendered":"Unsere Traditionsgemeinschaft"},"content":{"rendered":"<p>&nbsp;<\/p>\r\n\r\n<p style=\"text-align: center;\"><img loading=\"lazy\" decoding=\"async\" class=\"aligncenter\" src=\"http:\/\/www.fabulousfulcrums.de\/cms\/wp-content\/uploads\/2018\/07\/FS.jpg\" width=\"182\" height=\"170\" \/><\/p>\r\n<p class=\"has-text-align-center\">Die FULCRUM-Staffel ist die Traditionsgemeinschaft aller MiG-29 Piloten der Bundeswehr.<br \/>Wir sind rechtlich ein &#8222;nicht eingetragener Verein&#8220; und haben uns der VEREINIGUNG DER FLIEGER DEUTSCHER STREITKR\u00c4FTE e.V. angeschlossen.<\/p>\r\n\r\n\r\n\r\n<p><strong>\u00a7 2 Zweck und Aufgaben der Gemeinschaft<\/strong><br \/><span style=\"font-size: 8pt;\">(Auszug aus der Satzung)<\/span><br \/><br \/><span style=\"font-size: 10pt;\">Das Waffensystem MiG-29 stellt in vielerlei Hinsicht eine Besonderheit im Flugbetrieb der Bundeswehr dar. Als einziges russisches Kampfflugzeug neuerer Generation wurde die MiG im Zuge der Wiedervereinigung Deutschlands im Jahre 1990 in das westliche Verteidigungsb\u00fcndnis integriert und seither unter westlichen Gesichtspunkten operiert. Die wenigen zur Verf\u00fcgung stehenden Luftfahrzeuge wurde von einer einzigen Staffel auf h\u00f6chst professionelle Art und Weise geflogen. Zahllose Kampfpiloten alliierter Streitkr\u00e4fte haben sich \u00fcber 10 Jahre lang gegen diese Staffel messen und ihre Lehren daraus ziehen k\u00f6nnen. Dieser erhebliche Einsatz schuf in der NATO Wissen und Wertsch\u00e4tzung des Waffensystems MiG-29 und brachte den Staffelangeh\u00f6rigen eine vorz\u00fcgliche internationale Reputation. <\/span><br \/><span style=\"font-size: 10pt;\">Unsere kleine Gemeinschaft um die MiG-29 in der Bundeswehr entwickelte einen Korpsgeist und Kameradschaft, die heute ihresgleichen sucht. Selbst in bewegten Zeiten der Ver\u00e4nderung und Neuorientierung in der Bundeswehr blieben unsere Motivation und unser soldatisches Selbstverst\u00e4ndnis unver\u00e4ndert. <\/span><br \/><span style=\"font-size: 10pt;\">Dieser gemeinsam erlebten \u00c4ra verpflichtet, wollen wir gewachsene Kameradschaft und Freundschaft zuk\u00fcnftig in dieser Gemeinschaft fortf\u00fchren. <\/span><br \/><span style=\"font-size: 10pt;\">Zu diesem Zwecke sollen einmal j\u00e4hrlich Treffen aller Mitglieder mit ihren Lebenspartnern veranstaltet werden.<\/span><\/p>\r\n","protected":false},"excerpt":{"rendered":"<p>&nbsp; Die FULCRUM-Staffel ist die Traditionsgemeinschaft aller MiG-29 Piloten der Bundeswehr.Wir sind rechtlich ein &#8222;nicht eingetragener Verein&#8220; und haben uns der VEREINIGUNG DER FLIEGER DEUTSCHER STREITKR\u00c4FTE e.V. angeschlossen. \u00a7 2 Zweck und Aufgaben der Gemeinschaft(Auszug aus der Satzung) Das Waffensystem MiG-29 stellt in vielerlei Hinsicht eine Besonderheit im Flugbetrieb der Bundeswehr dar. Als einziges russisches &hellip; <\/p>\n<p><a class=\"more-link btn\" href=\"http:\/\/www.fabulousfulcrums.de\/cms\/?page_id=2711\">Weiterlesen<\/a><\/p>\n","protected":false},"author":68,"featured_media":0,"parent":0,"menu_order":0,"comment_status":"closed","ping_status":"closed","template":"","meta":{"footnotes":""},"class_list":["post-2711","page","type-page","status-publish","hentry","nodate","item-wrap"],"_links":{"self":[{"href":"http:\/\/www.fabulousfulcrums.de\/cms\/index.php?rest_route=\/wp\/v2\/pages\/2711","targetHints":{"allow":["GET"]}}],"collection":[{"href":"http:\/\/www.fabulousfulcrums.de\/cms\/index.php?rest_route=\/wp\/v2\/pages"}],"about":[{"href":"http:\/\/www.fabulousfulcrums.de\/cms\/index.php?rest_route=\/wp\/v2\/types\/page"}],"author":[{"embeddable":true,"href":"http:\/\/www.fabulousfulcrums.de\/cms\/index.php?rest_route=\/wp\/v2\/users\/68"}],"replies":[{"embeddable":true,"href":"http:\/\/www.fabulousfulcrums.de\/cms\/index.php?rest_route=%2Fwp%2Fv2%2Fcomments&post=2711"}],"version-history":[{"count":15,"href":"http:\/\/www.fabulousfulcrums.de\/cms\/index.php?rest_route=\/wp\/v2\/pages\/2711\/revisions"}],"predecessor-version":[{"id":4779,"href":"http:\/\/www.fabulousfulcrums.de\/cms\/index.php?rest_route=\/wp\/v2\/pages\/2711\/revisions\/4779"}],"wp:attachment":[{"href":"http:\/\/www.fabulousfulcrums.de\/cms\/index.php?rest_route=%2Fwp%2Fv2%2Fmedia&parent=2711"}],"curies":[{"name":"wp","href":"https:\/\/api.w.org\/{rel}","templated":true}]}}