{"id":2782,"date":"2019-11-20T19:20:59","date_gmt":"2019-11-20T18:20:59","guid":{"rendered":"http:\/\/www.fabulousfulcrums.de\/cms\/?page_id=2782"},"modified":"2021-01-19T08:23:50","modified_gmt":"2021-01-19T06:23:50","slug":"2009-2","status":"publish","type":"page","link":"http:\/\/www.fabulousfulcrums.de\/cms\/?page_id=2782","title":{"rendered":"07.Reunion 2009 in Rostock"},"content":{"rendered":"\r\n<p>Dieses Mal war alles ein bisschen anders beim Treffen der ehemaligen deutschen MiG-29-Piloten. Zwar fand die 7. Reunion der FULCRUM-Staffel nach dem Zwischenspiel in Dresden im vergangenen Jahr wieder an der Ostsee statt. Doch diente nun statt des &#8222;Fischland&#8220; auf dem Dar\u00df das Hotel Radisson in Rostock als Versammlungsort. Einen bebilderten Vortrag gab es auch nicht, stattdessen liefen unter dem Motto &#8222;Those were the days &#8230;&#8220; Filme mit atemberaubenden Bildern aus der MiG-29-Zeit auf der gro\u00dfen Leinwand im &#8222;Ostseesaal&#8220;. Und verst\u00e4rkt wurden die &#8222;Flyers&#8220; durch das fr\u00fchere Gefechtsstand-Personal der 1. Staffel, StFw Tilo Glombik und HFw Thomas \u00d6lschl\u00e4gel, sowie Cornelia Koch von der Bildstelle des Jagdgeschwaders 73 &#8222;Steinhoff&#8220; \u2013 auch sie geh\u00f6ren schlie\u00dflich zur FULCRUM-Historie. Explizit wurden die G\u00e4ste daher auch in der Er\u00f6ffnungsrede von &#8222;Staffelkapit\u00e4n&#8220; Generalleutnant a. D. J\u00fcrgen H\u00f6che begr\u00fc\u00dft, neben den 33 von insgesamt 74 regul\u00e4ren Staffelangeh\u00f6rigen und deren Familienmitgliedern.<\/p>\r\n\r\n\r\n\r\n<div class=\"wp-block-image\">\r\n<figure class=\"alignright\"><img decoding=\"async\" src=\"http:\/\/www.fabulousfulcrums.de\/cms\/wp-content\/uploads\/2012\/02\/FS-2009-022-300x199.jpg\" alt=\"\" \/><\/figure>\r\n<\/div>\r\n\r\n\r\n\r\n<p>In seiner Ansprache erinnerte H\u00f6che daran, dass sich der Mauerfall zum 20. Mal j\u00e4hrte und welche besondere Bedeutung dieses Ereignis gerade f\u00fcr die Traditions-Staffel habe: &#8222;Sonst s\u00e4\u00dfen wir heute ja alle nicht hier&#8220;, rief er den insgesamt knapp 70 G\u00e4sten zu. Auch der nur Tage zuvor erfolgte Wechsel im Amt des Inspekteurs der Luftwaffe und an der Spitze des Luftwaffenf\u00fchrungskommandos fand Erw\u00e4hnung. Sein spezieller Dank ging an Oberstleutnant a. D. Peter Steiniger f\u00fcr die Organisation der Reunion: &#8222;Ich bin nur Galionsfigur hier, Stoini macht ja alles&#8220;, sagte J\u00fcrgen H\u00f6che schmunzelnd. So kurz wie die Ansprache des Staffelkapit\u00e4ns fiel auch die Vorstandswahl aus. Der Kapit\u00e4n selbst, die &#8222;Einsatzstabsoffiziere&#8220; \u2013 neben Peter Steiniger noch Oberstleutnant a. D. Bernd Pf\u00e4hler und Oberstleutnant Udo Sadzulewski \u2013 sowie &#8222;Rechnungsf\u00fchrer&#8220; Oberstleutnant J\u00fcrgen Schumann hatten sich schon zuvor bereit erkl\u00e4rt, weiterzumachen. Das teilte H\u00f6che mit, fragte nur: &#8222;Gibt es Gegenstimmen?&#8220;, was nicht der Fall war, und so hie\u00df es ganz pragmatisch: &#8222;Wiedergew\u00e4hlt f\u00fcr zwei Jahre.&#8220;<\/p>\r\n\r\n\r\n\r\n<div class=\"wp-block-image\">\r\n<figure class=\"alignleft\"><img loading=\"lazy\" decoding=\"async\" width=\"300\" height=\"199\" class=\"wp-image-1106\" src=\"http:\/\/www.fabulousfulcrums.de\/cms\/wp-content\/uploads\/2012\/02\/FS-2009-038-300x199.jpg\" alt=\"\" srcset=\"http:\/\/www.fabulousfulcrums.de\/cms\/wp-content\/uploads\/2012\/02\/FS-2009-038-300x199.jpg 300w, http:\/\/www.fabulousfulcrums.de\/cms\/wp-content\/uploads\/2012\/02\/FS-2009-038-150x100.jpg 150w, http:\/\/www.fabulousfulcrums.de\/cms\/wp-content\/uploads\/2012\/02\/FS-2009-038-1024x682.jpg 1024w, http:\/\/www.fabulousfulcrums.de\/cms\/wp-content\/uploads\/2012\/02\/FS-2009-038.jpg 1922w\" sizes=\"auto, (max-width: 300px) 100vw, 300px\" \/><\/figure>\r\n<\/div>\r\n\r\n\r\n\r\n<p>J\u00fcrgen Schumann \u2013 dieses Jahr wieder in Uniform, wie er betonte, nachdem er sie 2008 zu Hause vergessen hatte \u2013 konnte wie immer Erfreuliches vermelden: &#8222;Viele Einnahmen, wenig Ausgaben \u2013 und das Polster f\u00fcr 2011 sieht gut aus.&#8220; Dann n\u00e4mlich steht das gro\u00dfe Highlight zum zehnj\u00e4hrigen Bestehen der Staffel an: Die Reunion in Las Vegas. Der Termin steht schon fest: Vom 24. September bis zum 1. Oktober 2011 soll es in die USA gehen, mit einem Lufthansa-Airbus von Laage oder Frankfurt aus, erl\u00e4uterte &#8222;Projektoffizier&#8220; Bernd Pf\u00e4hler. &#8222;Unverbindliche Zusagen f\u00fcr die Teilnahme br\u00e4uchte ich jetzt bald, damit wir eine Planungsgr\u00f6\u00dfe haben&#8220;, bat er, und: &#8222;Vorschl\u00e4ge f\u00fcr die Programmpunkte vor Ort und jede Mitarbeit an dem Projekt ist hochwillkommen \u2013 vielleicht hat ja zum Beispiel noch jemand Kontakte nach Nellis, so dass wir die Basis besuchen k\u00f6nnen.&#8220; Auch f\u00fcr die Reunion im n\u00e4chsten Jahr wurde mit Stettin ein Veranstaltungsort au\u00dferhalb Deutschlands ins Spiel gebracht. Der konnte allerdings nicht dieselbe Begeisterung wie Las Vegas ausl\u00f6sen \u2013 die endg\u00fcltige Entscheidung steht daher noch aus. Vor dem reichhaltigen Buffett \u2013 und als Endlosschleife w\u00e4hrend des Essens und danach \u2013 sorgten Foto-Zusammenschnitte aus der aktiven Zeit sowie von Udo Sadzulewski aus dem Cockpit gedrehte Filme f\u00fcr viel Beifall. &#8222;Die Flucht aus Goose Bay&#8220; im November 1999 mit stimmungsvollen Flugaufnahmen \u00fcber den Gletschern von Gr\u00f6nland und Island und verschneiten Flugpl\u00e4tzen, die die deutschen MiGs auf ihrer abenteuerlichen R\u00fcckverlegung ins heimatliche Laage ansteuerten, zog die Zuschauer besonders in den Bann.<\/p>\r\n\r\n\r\n\r\n<div class=\"wp-block-image\">\r\n<figure class=\"alignleft\"><img decoding=\"async\" src=\"http:\/\/www.fabulousfulcrums.de\/cms\/wp-content\/uploads\/2012\/02\/FS-2009-040-300x199.jpg\" alt=\"\" \/><\/figure>\r\n<\/div>\r\n\r\n\r\n\r\n<p>Wie gewohnt lehrte sich der Speisesaal zu sp\u00e4terer Stunde und die Hotelbar wurde zum Dreh- und Angelpunkt der vielen Gespr\u00e4che, die sich haupts\u00e4chlich \u2013 nat\u00fcrlich \u2013 um die Fliegerei drehten, auch wenn ein kleines Gr\u00fcppchen eindeutig Diskussionen um die m\u00f6glichst rasche Fortbewegung auf zwei R\u00e4dern favorisierte. Die Damen hatten ebenfalls ihre Themen, und selbstverst\u00e4ndlich kam auch der Austausch von Neuigkeiten nicht zu kurz. Schlie\u00dflich wollte man ja wissen, was das Gegen\u00fcber in den Monaten seit der letzten Reunion getrieben hatte. Bis fr\u00fch um f\u00fcnf hielten die letzten Wackeren an der Theke aus, wobei dieses Mal die sonst schon fast gewohnte Zusatz-Stunde durch die (bereits in der Woche zuvor erfolgte) Uhren-Umstellung zum Ende der Sommerzeit fehlte. Aber wie schon gesagt: Dieses Mal war eben alles ein bisschen anders.<\/p>\r\n<p style=\"text-align: right;\"><span style=\"font-size: 10pt;\"><em>Stefan Petersen<\/em><\/span><\/p>\r\n\r\n\r\n\r\n<p><a href=\"http:\/\/www.fabulousfulcrums.de\/cms\/?page_id=532\">Alle Bilder f\u00fcr Mitglieder<\/a><\/p>\r\n","protected":false},"excerpt":{"rendered":"<p>Dieses Mal war alles ein bisschen anders beim Treffen der ehemaligen deutschen MiG-29-Piloten. Zwar fand die 7. Reunion der FULCRUM-Staffel nach dem Zwischenspiel in Dresden im vergangenen Jahr wieder an der Ostsee statt. Doch diente nun statt des &#8222;Fischland&#8220; auf dem Dar\u00df das Hotel Radisson in Rostock als Versammlungsort. Einen bebilderten Vortrag gab es auch &hellip; <\/p>\n<p><a class=\"more-link btn\" href=\"http:\/\/www.fabulousfulcrums.de\/cms\/?page_id=2782\">Weiterlesen<\/a><\/p>\n","protected":false},"author":68,"featured_media":0,"parent":0,"menu_order":0,"comment_status":"closed","ping_status":"closed","template":"","meta":{"footnotes":""},"class_list":["post-2782","page","type-page","status-publish","hentry","nodate","item-wrap"],"_links":{"self":[{"href":"http:\/\/www.fabulousfulcrums.de\/cms\/index.php?rest_route=\/wp\/v2\/pages\/2782","targetHints":{"allow":["GET"]}}],"collection":[{"href":"http:\/\/www.fabulousfulcrums.de\/cms\/index.php?rest_route=\/wp\/v2\/pages"}],"about":[{"href":"http:\/\/www.fabulousfulcrums.de\/cms\/index.php?rest_route=\/wp\/v2\/types\/page"}],"author":[{"embeddable":true,"href":"http:\/\/www.fabulousfulcrums.de\/cms\/index.php?rest_route=\/wp\/v2\/users\/68"}],"replies":[{"embeddable":true,"href":"http:\/\/www.fabulousfulcrums.de\/cms\/index.php?rest_route=%2Fwp%2Fv2%2Fcomments&post=2782"}],"version-history":[{"count":5,"href":"http:\/\/www.fabulousfulcrums.de\/cms\/index.php?rest_route=\/wp\/v2\/pages\/2782\/revisions"}],"predecessor-version":[{"id":4655,"href":"http:\/\/www.fabulousfulcrums.de\/cms\/index.php?rest_route=\/wp\/v2\/pages\/2782\/revisions\/4655"}],"wp:attachment":[{"href":"http:\/\/www.fabulousfulcrums.de\/cms\/index.php?rest_route=%2Fwp%2Fv2%2Fmedia&parent=2782"}],"curies":[{"name":"wp","href":"https:\/\/api.w.org\/{rel}","templated":true}]}}