{"id":3432,"date":"2020-01-15T11:02:56","date_gmt":"2020-01-15T10:02:56","guid":{"rendered":"http:\/\/www.fabulousfulcrums.de\/cms\/?page_id=3432"},"modified":"2020-01-15T11:09:08","modified_gmt":"2020-01-15T10:09:08","slug":"datenschutz","status":"publish","type":"page","link":"http:\/\/www.fabulousfulcrums.de\/cms\/?page_id=3432","title":{"rendered":"Datenschutzerkl\u00e4rung"},"content":{"rendered":"<div id=\"content-main\" class=\"clearfix content-main col-md-8\">\n<div id=\"post-3\" class=\"clearfix post post-3 page type-page status-publish hentry nodate item-wrap\">\n<div class=\"entry clearfix\">\n<div class=\"entry-content clearfix\">\n<div id=\"tm-main\" class=\"uk-block tm-block-main uk-block-default\">\n<div class=\"uk-container uk-container-center\">\n<div class=\"tm-middle uk-grid\" data-uk-grid-match=\"\" data-uk-grid-margin=\"\">\n<div class=\"tm-main uk-width-medium-1-1 uk-row-first\">\n<article class=\"uk-article \">\n<div class=\"tm-article-content uk-margin\">\n<h4 class=\"Paragraph\"><strong>1. Allgemeines<\/strong><\/h4>\n<p class=\"Paragraph\">Die Nutzung unserer Webseite ist ohne Angabe personenbezogener Daten m\u00f6glich. Ihre personenbezogenen Daten (z.B. Anrede, Name, Anschrift, E-Mail-Adresse, Telefonnummer) werden von uns nur gem\u00e4\u00df den Bestimmungen des deutschen Datenschutzrechts und des Datenschutzrechts der Europ\u00e4ischen Union (EU) verarbeitet, sofern Sie uns diese ausdr\u00fccklich und willentlich mitteilen. Die nachfolgenden Punkte informieren Sie neben den Verarbeitungszwecken, Empf\u00e4ngern, Rechtsgrundlagen, Speicherfristen auch \u00fcber Ihre Rechte und den Verantwortlichen f\u00fcr Ihre Datenverarbeitung. Diese Datenschutzerkl\u00e4rung bezieht sich lediglich auf diese Website.<\/p>\n<h4><strong><span lang=\"EN-US\"> 2. Kontaktaufnahme<\/span><\/strong><\/h4>\n<p class=\"Paragraph\"><b>(1) Verarbeitungszweck<\/b><\/p>\n<p class=\"Paragraph\">Ihre personenbezogenen Daten, die Sie uns per E-Mail zur Verf\u00fcgung stellen, verarbeiten wir zur Beantwortung und Erledigung Ihrer Anfrage. Sie sind nicht verpflichtet, uns Ihre personenbezogenen Daten bereitzustellen. Aber ohne Ihre E-Mail Adresse k\u00f6nnen wir Ihnen auch nicht per E-Mail antworten.<\/p>\n<p class=\"Paragraph\"><b>(2) Rechtsgrundlage<\/b><\/p>\n<p class=\"Paragraph\">a) Sollten Sie uns eine ausdr\u00fcckliche Einwilligung zur Verarbeitung Ihrer Daten gegeben haben, ist Art. 6 Abs. 1a) DSGVO die Rechtsgrundlage f\u00fcr diese Verarbeitung.<\/p>\n<p class=\"Paragraph\">b) Sollten wir Ihre Daten zur Durchf\u00fchrung vorvertraglicher Ma\u00dfnahmen verarbeiten, ist Art. 6 Abs. 1b) DSGVO die Rechtsgrundlage.<\/p>\n<p class=\"Paragraph\">c) In allen anderen F\u00e4llen ist Art. 6 Abs. 1f) DSGVO die Rechtsgrundlage.<\/p>\n<p class=\"Paragraph\"><b>WIDERSPRUCHSRECHT: Sie haben das Recht, der Datenverarbeitung die auf der Grundlage des Art. 6 Abs. 1 f) DSGVO erfolgt und nicht der Direktwerbung dient aus Gr\u00fcnden, die sich aus Ihrer besonderen Situation ergeben, jederzeit zu widersprechen.<\/b><\/p>\n<p class=\"Paragraph\"><b>(3) Berechtigtes Interesse an Ihnen<br \/>\n<\/b><\/p>\n<p class=\"Paragraph\">Unser berechtigtes Interesse an der Verarbeitung besteht darin, mit Ihnen auf schnellem Wege zu kommunizieren und Ihre Anfrage zu beantworten. Wenn Sie uns Ihre Anschrift mitteilen, behalten wir uns vor, diese f\u00fcr postalische Zwecke zu verwenden. Ihr Interesse am Datenschutz k\u00f6nnen Sie durch eine sparsame Datenweitergabe (z.B. Verwendung eines Pseudonyms) wahren.<\/p>\n<p class=\"Paragraph\"><b>(4) Speicherung von Informationen<br \/>\n<\/b><\/p>\n<p class=\"Paragraph\">Ihre Daten werden gel\u00f6scht, wenn sich aus den Umst\u00e4nden entnehmen l\u00e4sst, dass Ihre Anfrage bzw. der betroffene Sachverhalt abschlie\u00dfend gekl\u00e4rt ist.<\/p>\n<p>Beim Zugriff auf unsere Website werden auf dem Server des Providers folgende Daten als Server-Logfiles gespeichert: Besuchte Website, Uhrzeit zum Zeitpunkt des Zugriffes, Menge der gesendeten Daten in Byte, Quelle\/Verweis, von welchem Sie auf die Seite gelangten, verwendeter Browser, verwendetes Betriebssystem und die verwendete IP-Adresse.<br \/>\nDie Server-Logfiles werden f\u00fcr maximal sieben Tage gespeichert und anschlie\u00dfend gel\u00f6scht. Die Speicherung der Daten erfolgt aus Sicherheitsgr\u00fcnden, um z.B. Missbrauchsf\u00e4lle aufkl\u00e4ren zu k\u00f6nnen. M\u00fcssen Daten aus Beweisgr\u00fcnden aufgehoben werden, sind sie so lange von der L\u00f6schung ausgenommen, bis der Vorfall endg\u00fcltig gekl\u00e4rt ist.<br \/>\nUm Mitgliedern der FULCRUM-Staffel den Zugang zum Mitgliederbereich dieser Website zu erm\u00f6glichen, werden auf dem Server des Providers folgende Daten in verschl\u00fcsselter Form gespeichert:<br \/>\nNachname, E-Mail-Adresse und Passwort.<br \/>\nEin vom Administrator bei Neuanlage eines Benutzers vorgeschlagenes vorl\u00e4ufiges Passwort ist nur dem vorschlagenden Administrator bekannt. Ein vom Benutzer angelegtes Passwort ist f\u00fcr keinen Administrator und keinen anderen Benutzer der Website einsehbar.<br \/>\nDiese Daten werden gel\u00f6scht, wenn die Mitgliedschaft endet oder wenn das Mitglied dies vorher w\u00fcnscht.<br \/>\nDar\u00fcber hinaus sammeln und speichern wir keine personenbezogenen Daten.<\/p>\n<p><strong>Cookies<br \/>\n<\/strong>Ein Cookie ist eine kleine Textdatei mit Informationen, die auf dem Computer des Besuchers der Website gespeichert wird. Diese Textdatei enth\u00e4lt Informationen \u00fcber Einstellungen, welche der Browser zur korrekten Funktion der Website ben\u00f6tigt.<br \/>\nBeim Besuch unserer Website ohne Anmeldung im Mitgliederbereich werden keine Cookies gesetzt.<br \/>\nWenn sich ein Besucher im Mitgliederbereich anmeldet, wird zun\u00e4chst ein tempor\u00e4res Cookie gesetzt, um festzustellen, ob der Browser Cookies akzeptiert. Dieses Cookie enth\u00e4lt keine personenbezogenen Daten und wird verworfen, wenn der Browser geschlossen wird.<br \/>\nWenn sich ein Besucher im Mitgliederbereich anmeldet, werden Cookies gesetzt, welche die Anmeldeinformationen speichern. Anmelde-Cookies verfallen beim Schlie\u00dfen des Browsers. Wurde bei der Anmeldung \u201eAngemeldet bleiben\u201c ausgew\u00e4hlt, wird diese Anmeldung aufrechterhalten. Mit der Abmeldung aus dem Konto werden die Anmelde-Cookies gel\u00f6scht. Die Anmeldeinformationen werden zu keinem anderen Zweck verarbeitet.<\/p>\n<p class=\"Paragraph\"><b>(5) Ihr Widerrufsrecht<\/b><\/p>\n<p class=\"Paragraph\">Sie haben im Fall der Verarbeitung aufgrund Ihrer Einwilligung das Recht, Ihre Einwilligung jederzeit zu widerrufen.<\/p>\n<h4 class=\"Headline2\"><strong><span lang=\"EN-US\">3. Rechte betroffener Personen<\/span><\/strong><\/h4>\n<p class=\"Paragraph\">Werden personenbezogene Daten von Ihnen verarbeitet, sind Sie Betroffener i.S.d. DSGVO und es stehen Ihnen folgende Rechte uns gegen\u00fcber zu:<\/p>\n<p class=\"Paragraph\"><b>1. Auskunftsrecht<\/b><\/p>\n<p class=\"Paragraph\">Sie k\u00f6nnen von uns eine Best\u00e4tigung dar\u00fcber verlangen, ob personenbezogene Daten, die Sie betreffen, von uns verarbeitet werden.<\/p>\n<p class=\"Paragraph\">Liegt eine solche Verarbeitung vor, k\u00f6nnen Sie von uns \u00fcber folgende Informationen Auskunft verlangen:<\/p>\n<p class=\"Paragraph\">(1) die Zwecke, zu denen die personenbezogenen Daten verarbeitet werden<\/p>\n<p class=\"Paragraph\">(2) die Kategorien von personenbezogenen Daten, welche verarbeitet werden<\/p>\n<p class=\"Paragraph\">(3) die Empf\u00e4nger bzw. die Kategorien von Empf\u00e4ngern, gegen\u00fcber denen die Sie betreffenden personenbezogenen Daten offengelegt wurden oder noch offengelegt werden<\/p>\n<p class=\"Paragraph\">(4) die geplante Dauer der Speicherung der Sie betreffenden personenbezogenen Daten oder, falls konkrete Angaben hierzu nicht m\u00f6glich sind, Kriterien f\u00fcr die Festlegung der Speicherdauer<\/p>\n<p class=\"Paragraph\">(5) das Bestehen eines Rechts auf Berichtigung oder L\u00f6schung der Sie betreffenden personenbezogenen Daten, eines Rechts auf Einschr\u00e4nkung der Verarbeitung durch uns oder eines Widerspruchsrechts gegen diese Verarbeitung<\/p>\n<p class=\"Paragraph\">(6) alle verf\u00fcgbaren Informationen \u00fcber die Herkunft der Daten, wenn die personenbezogenen Daten nicht bei der betroffenen Person erhoben werden<\/p>\n<p class=\"Paragraph\">Ihnen steht das Recht zu, Auskunft dar\u00fcber zu verlangen, ob die Sie betreffenden personenbezogenen Daten in ein Drittland oder an eine andere Organisation \u00fcbermittelt werden. In diesem Zusammenhang k\u00f6nnen Sie verlangen, \u00fcber die geeigneten Garantien gem. Art. 46 DSGVO im Zusammenhang mit der \u00dcbermittlung unterrichtet zu werden.<\/p>\n<p class=\"Paragraph\"><b>2. Recht auf Berichtigung<\/b><\/p>\n<p class=\"Paragraph\">Sie haben ein Recht auf Berichtigung und\/oder Vervollst\u00e4ndigung uns gegen\u00fcber, sofern die verarbeiteten personenbezogenen Daten, die Sie betreffen, unrichtig oder unvollst\u00e4ndig sind. Wir m\u00fcssen die Berichtigung dann unverz\u00fcglich vornehmen.<\/p>\n<p class=\"Paragraph\"><b>3. Recht auf Einschr\u00e4nkung der Verarbeitung<\/b><\/p>\n<p class=\"Paragraph\">Unter den folgenden Voraussetzungen k\u00f6nnen Sie die Einschr\u00e4nkung der Verarbeitung der Sie betreffenden personenbezogenen Daten verlangen:<\/p>\n<p class=\"Paragraph\">(1) wenn Sie die Richtigkeit der Sie betreffenden personenbezogenen Daten\u00a0 bestreiten<\/p>\n<p class=\"Paragraph\">(2) wenn die Verarbeitung unrechtm\u00e4\u00dfig ist und Sie die L\u00f6schung der personenbezogenen Daten ablehnen und stattdessen die Einschr\u00e4nkung der Nutzung der personenbezogenen Daten verlangen<\/p>\n<p class=\"Paragraph\">(3) wenn wir die personenbezogenen Daten f\u00fcr die Zwecke der Verarbeitung nicht l\u00e4nger ben\u00f6tigen, Sie diese jedoch zur Geltendmachung, Aus\u00fcbung oder Verteidigung von Rechtsanspr\u00fcchen ben\u00f6tigen<\/p>\n<p class=\"Paragraph\">(4) wenn Sie Widerspruch gegen die Verarbeitung gem\u00e4\u00df Art.\u00a021 Abs.\u00a01 DSGVO eingelegt haben und noch nicht feststeht, ob die uns zustehenden berechtigten Gr\u00fcnde gegen\u00fcber Ihren Gr\u00fcnden \u00fcberwiegen.<\/p>\n<p class=\"Paragraph\">Wurde die Verarbeitung der Sie betreffenden personenbezogenen Daten eingeschr\u00e4nkt, d\u00fcrfen diese Daten \u2013 von ihrer Speicherung abgesehen \u2013 nur mit Ihrer Einwilligung oder zur Geltendmachung, Aus\u00fcbung oder Verteidigung von Rechtsanspr\u00fcchen oder zum Schutz der Rechte einer anderen nat\u00fcrlichen oder juristischen Person oder aus Gr\u00fcnden eines wichtigen \u00f6ffentlichen Interesses verarbeitet werden.<\/p>\n<p class=\"Paragraph\">Wurde die Einschr\u00e4nkung der Verarbeitung nach den oben genannten Voraussetzungen eingeschr\u00e4nkt, werden Sie von uns unterrichtet bevor die Einschr\u00e4nkung aufgehoben wird.<\/p>\n<p class=\"Paragraph\"><b>4. Recht auf L\u00f6schung<\/b><\/p>\n<p class=\"Paragraph\">a) L\u00f6schungspflicht<\/p>\n<p class=\"Paragraph\">Sie k\u00f6nnen von uns verlangen, dass die Sie betreffenden personenbezogenen Daten unverz\u00fcglich gel\u00f6scht werden, und wir sind verpflichtet, diese Daten unverz\u00fcglich zu l\u00f6schen, sofern einer der folgenden Gr\u00fcnde zutrifft:<\/p>\n<p class=\"Paragraph\">(1) Die Sie betreffenden personenbezogenen Daten sind f\u00fcr die Zwecke, f\u00fcr die sie erhoben oder auf sonstige Weise verarbeitet wurden, nicht mehr n\u00f6tig.<\/p>\n<p class=\"Paragraph\">(2) Sie widerrufen Ihre Einwilligung, auf die sich die Verarbeitung gem. Art. 6 Abs. 1 lit. a oder Art. 9 Abs. 2 lit. a DSGVO st\u00fctzte, und es fehlt an einer anderweitigen Rechtsgrundlage f\u00fcr die Verarbeitung.<\/p>\n<p class=\"Paragraph\">(3) Sie legen gem. Art.\u00a021 Abs.\u00a01 DSGVO Widerspruch gegen die Verarbeitung ein und es liegen keine vorrangigen berechtigten Gr\u00fcnde f\u00fcr die Verarbeitung vor, oder Sie legen gem. Art.\u00a021 Abs.\u00a02 DSGVO Widerspruch gegen die Verarbeitung ein.<\/p>\n<p class=\"Paragraph\">(4) Die Sie betreffenden personenbezogenen Daten wurden unrechtm\u00e4\u00dfig verarbeitet.<\/p>\n<p class=\"Paragraph\">(5) Die L\u00f6schung der Sie betreffenden personenbezogenen Daten ist zur Erf\u00fcllung einer rechtlichen Verpflichtung\u00a0 erforderlich.<\/p>\n<p class=\"Paragraph\">(6) Die Sie betreffenden personenbezogenen Daten wurden in Bezug auf angebotene Dienste der Informationsgesellschaft gem\u00e4\u00df Art.\u00a08 Abs.\u00a01 DSGVO erhoben.<\/p>\n<p class=\"Paragraph\">b) Information an Dritte<\/p>\n<p class=\"Paragraph\">Haben wir die Sie betreffenden personenbezogenen Daten \u00f6ffentlich gemacht und sind wir gem. Art.\u00a017 Abs.\u00a01 DSGVO zu deren L\u00f6schung verpflichtet, so treffen wir unter Ber\u00fccksichtigung der verf\u00fcgbaren Technologie und der Implementierungskosten angemessene Ma\u00dfnahmen, auch technischer Art, um die f\u00fcr die Datenverarbeitung Verantwortlichen, die die personenbezogenen Daten verarbeiten, dar\u00fcber zu informieren, dass Sie als betroffene Person von ihnen die L\u00f6schung aller Links zu diesen personenbezogenen Daten oder von Kopien oder Replikationen dieser personenbezogenen Daten verlangt haben.<\/p>\n<p class=\"Paragraph\">c) Ausnahmen<\/p>\n<p class=\"Paragraph\">Das Recht auf L\u00f6schung besteht nicht, soweit die Verarbeitung erforderlich ist<\/p>\n<p class=\"Paragraph\">(1) zur Aus\u00fcbung des Rechts auf freie Meinungs\u00e4u\u00dferung und Information<\/p>\n<p class=\"Paragraph\">(2) zur Erf\u00fcllung einer rechtlichen Verpflichtung, die zur Wahrnehmung einer Aufgabe, die im \u00f6ffentlichen Interesse liegt oder in Aus\u00fcbung \u00f6ffentlicher Gewalt erfolgt.<\/p>\n<p class=\"Paragraph\">(3) aus Gr\u00fcnden eines \u00f6ffentlichen Interesses im Bereich der \u00f6ffentlichen Gesundheit gem\u00e4\u00df Art. 9 Abs. 2 lit. h und i sowie Art. 9 Abs. 3 DSGVO<\/p>\n<p class=\"Paragraph\">(4) zur Geltendmachung, Aus\u00fcbung oder Verteidigung von Rechtsanspr\u00fcchen.<\/p>\n<p class=\"Paragraph\"><b>5. Recht auf Unterrichtung<\/b><\/p>\n<p class=\"Paragraph\">Haben Sie das Recht auf Berichtigung, L\u00f6schung oder Einschr\u00e4nkung der Verarbeitung uns gegen\u00fcber geltend gemacht, sind wir verpflichtet, allen Empf\u00e4ngern, denen die Sie betreffenden personenbezogenen Daten offengelegt wurden, diese Berichtigung oder L\u00f6schung der Daten oder Einschr\u00e4nkung der Verarbeitung mitzuteilen, es sei denn, dies erweist sich als unm\u00f6glich oder ist mit einem unverh\u00e4ltnism\u00e4\u00dfigen Aufwand verbunden.<\/p>\n<p class=\"Paragraph\">Ihnen steht uns gegen\u00fcber das Recht zu, \u00fcber diese Empf\u00e4nger unterrichtet zu werden.<\/p>\n<p class=\"Paragraph\"><b>6. Recht auf Daten\u00fcbertragbarkeit<\/b><\/p>\n<p class=\"Paragraph\">Sie haben das Recht, die Sie betreffenden personenbezogenen Daten, die Sie uns bereitgestellt haben, in einem strukturierten, g\u00e4ngigen und maschinenlesbaren Format zu erhalten. Au\u00dferdem haben Sie das Recht diese Daten einem anderen Verantwortlichen ohne Behinderung zu \u00fcbermitteln, sofern<\/p>\n<p class=\"Paragraph\">(1) die Verarbeitung auf einer Einwilligung gem. Art.\u00a06 Abs.\u00a01 lit.\u00a0a DSGVO oder Art.\u00a09 Abs.\u00a02 lit.\u00a0a DSGVO oder auf einem Vertrag gem. Art.\u00a06 Abs.\u00a01 lit.\u00a0b DSGVO beruht und<\/p>\n<p class=\"Paragraph\">(2) die Verarbeitung mithilfe automatisierter Verfahren erfolgt.<\/p>\n<p class=\"Paragraph\">In Aus\u00fcbung dieses Rechts haben Sie ferner das Recht, zu erwirken, dass die Sie betreffenden personenbezogenen Daten direkt von uns einem anderen Verantwortlichen \u00fcbermittelt werden, soweit dies technisch machbar ist. Freiheiten und Rechte anderer Personen d\u00fcrfen hierdurch nicht beeintr\u00e4chtigt werden.<\/p>\n<p class=\"Paragraph\">Das Recht auf Daten\u00fcbertragbarkeit gilt nicht f\u00fcr eine Verarbeitung personenbezogener Daten, die f\u00fcr die Wahrnehmung einer Aufgabe erforderlich ist, die im \u00f6ffentlichen Interesse liegt oder in Aus\u00fcbung \u00f6ffentlicher Gewalt erfolgt, die uns \u00fcbertragen wurde.<\/p>\n<p class=\"Paragraph\"><b>7. Widerspruchsrecht<\/b><\/p>\n<p class=\"Paragraph\">Sie haben das Recht, aus Gr\u00fcnden, die sich aus Ihrer Situation ergeben, jederzeit gegen die Verarbeitung der Sie betreffenden personenbezogenen Daten, die aufgrund von Art. 6 Abs. 1 lit. e oder f DSGVO erfolgt, Widerspruch einzulegen.<\/p>\n<p class=\"Paragraph\">Wir verarbeiten die Sie betreffenden personenbezogenen Daten dann nicht mehr, es sei denn, wir k\u00f6nnen zwingende schutzw\u00fcrdige Gr\u00fcnde f\u00fcr die Verarbeitung nachweisen, die Ihre Interessen, Rechte und Freiheiten \u00fcberwiegen, oder die Verarbeitung dient der Geltendmachung, Aus\u00fcbung oder Verteidigung von Rechtsanspr\u00fcchen.<\/p>\n<p class=\"Paragraph\">Werden die Sie betreffenden personenbezogenen Daten verarbeitet, um Mitgliederwerbung zu betreiben, haben Sie das Recht, jederzeit Widerspruch gegen die Verarbeitung der Sie betreffenden personenbezogenen Daten zum Zwecke derartiger Werbung einzulegen; dies gilt auch f\u00fcr das Profiling, soweit es mit solcher Werbung in Verbindung steht.<\/p>\n<p class=\"Paragraph\">Widersprechen Sie der Verarbeitung f\u00fcr Zwecke der Direktwerbung, so werden die Sie betreffenden personenbezogenen Daten nicht mehr f\u00fcr diese Zwecke verarbeitet.<\/p>\n<p class=\"Paragraph\">Sie haben die M\u00f6glichkeit, im Zusammenhang mit der Nutzung von Diensten der Informationsgesellschaft \u2013 ungeachtet der Richtlinie 2002\/58\/EG \u2013 Ihr Widerspruchsrecht mittels automatisierter Verfahren auszu\u00fcben, bei denen technische Spezifikationen verwendet werden.<\/p>\n<p class=\"Paragraph\"><b>8. Recht auf Widerruf der datenschutzrechtlichen Einwilligungserkl\u00e4rung<\/b><\/p>\n<p class=\"Paragraph\">Sie haben das Recht, Ihre datenschutzrechtliche Einwilligungserkl\u00e4rung jederzeit zu widerrufen. Durch den Widerruf der Einwilligung wird die Rechtm\u00e4\u00dfigkeit der aufgrund der Einwilligung bis zum Widerruf erfolgten Verarbeitung nicht ber\u00fchrt.<\/p>\n<p class=\"Paragraph\"><b>9. Automatisierte Entscheidung im Einzelfall einschlie\u00dflich Profiling<\/b><\/p>\n<p class=\"Paragraph\">Sie haben das Recht, nicht einer ausschlie\u00dflich auf einer automatisierten Verarbeitung \u2013 einschlie\u00dflich Profiling \u2013 beruhenden Entscheidung unterworfen zu werden, die Ihnen gegen\u00fcber rechtliche Wirkung entfaltet oder Sie in \u00e4hnlicher Weise erheblich beeintr\u00e4chtigt. Dies gilt nicht, wenn die Entscheidung<\/p>\n<p class=\"Paragraph\">(1) f\u00fcr eine Mitgliedschaft in der FULCRUM-Staffel getroffen wurde,<\/p>\n<p class=\"Paragraph\">(2) aufgrund von Rechtsvorschriften, denen wir unterliegen, zul\u00e4ssig ist und diese Rechtsvorschriften angemessene Ma\u00dfnahmen zur Wahrung Ihrer Rechte und Freiheiten sowie Ihrer berechtigten Interessen enthalten oder<\/p>\n<p class=\"Paragraph\">(3) mit Ihrer ausdr\u00fccklichen Einwilligung erfolgt.<\/p>\n<p class=\"Paragraph\">Allerdings d\u00fcrfen diese Entscheidungen nicht auf besonderen Kategorien personenbezogener Daten nach Art.\u00a09 Abs.\u00a01 DSGVO beruhen, sofern nicht Art.\u00a09 Abs.\u00a02 lit.\u00a0a oder g gilt und angemessene Ma\u00dfnahmen zum Schutz der Rechte und Freiheiten sowie Ihrer berechtigten Interessen getroffen wurden.<\/p>\n<p class=\"Paragraph\">Hinsichtlich der in (1) und (3) genannten F\u00e4lle treffen wir angemessene Ma\u00dfnahmen, um die Rechte und Freiheiten sowie Ihre berechtigten Interessen zu wahren.<\/p>\n<p class=\"Paragraph\"><b>10. Recht auf Beschwerde bei einer Aufsichtsbeh\u00f6rde<\/b><\/p>\n<p class=\"Paragraph\">Unbeschadet eines anderweitigen verwaltungsrechtlichen oder gerichtlichen Rechtsbehelfs steht Ihnen das Recht auf Beschwerde bei einer Aufsichtsbeh\u00f6rde zu, wenn Sie der Ansicht sind, dass die Verarbeitung der Sie betreffenden personenbezogenen Daten gegen die DSGVO verst\u00f6\u00dft.<\/p>\n<p class=\"Paragraph\">Die Aufsichtsbeh\u00f6rde, bei der die Beschwerde eingereicht wurde, unterrichtet den Beschwerdef\u00fchrer \u00fcber den Stand und die Ergebnisse der Beschwerde einschlie\u00dflich der M\u00f6glichkeit eines gerichtlichen Rechtsbehelfs nach Art.\u00a078 DSGVO.<\/p>\n<\/div>\n<\/article>\n<h4>4. <strong>Urheberrecht<\/strong><\/h4>\n<p>Die durch die Seitenbetreiber erstellten Inhalte (Bilder und Text) auf diesen Seiten unterliegen dem deutschen Urheberrecht. Die Vervielf\u00e4ltigung, Bearbeitung, Verbreitung und jede Art der Verwertung au\u00dferhalb der Grenzen des Urheberrechtes bed\u00fcrfen der schriftlichen Zustimmung des jeweiligen Besitzers der Rechte bzw. Erstellers. Downloads und Kopien dieser Seite sind nur f\u00fcr den privaten, nicht kommerziellen Gebrauch gestattet. Soweit die Inhalte auf dieser Seite nicht vom Betreiber erstellt wurden, werden die Urheberrechte Dritter beachtet.<\/p>\n<div class=\"design1\">\n<h4>5. Haftung f\u00fcr Links<\/h4>\n<p>Unser Angebot enth\u00e4lt Links zu externen Webseiten, auf deren Inhalte wir keinen Einfluss haben. Deshalb k\u00f6nnen wir f\u00fcr diese fremden Inhalte auch keine Gew\u00e4hr \u00fcbernehmen. F\u00fcr die Inhalte der verlinkten Seiten ist stets der jeweilige Anbieter oder Betreiber der Seiten verantwortlich. Die verlinkten Seiten wurden\u00a0 auf m\u00f6gliche Rechtsverst\u00f6\u00dfe \u00fcberpr\u00fcft. Rechtswidrige Inhalte waren zum Zeitpunkt der Verlinkung nicht erkennbar. Eine permanente inhaltliche Kontrolle der verlinkten Seiten ist jedoch ohne konkrete Anhaltspunkte einer Rechtsverletzung nicht zumutbar. Bei Bekanntwerden von Rechtsverletzungen werden wir derartige Links umgehend entfernen.<\/p>\n<\/div>\n<\/div>\n<\/div>\n<\/div>\n<\/div>\n<\/div>\n<\/div>\n<\/div>\n<\/div>\n","protected":false},"excerpt":{"rendered":"<p>1. Allgemeines Die Nutzung unserer Webseite ist ohne Angabe personenbezogener Daten m\u00f6glich. Ihre personenbezogenen Daten (z.B. Anrede, Name, Anschrift, E-Mail-Adresse, Telefonnummer) werden von uns nur gem\u00e4\u00df den Bestimmungen des deutschen Datenschutzrechts und des Datenschutzrechts der Europ\u00e4ischen Union (EU) verarbeitet, sofern Sie uns diese ausdr\u00fccklich und willentlich mitteilen. Die nachfolgenden Punkte informieren Sie neben den Verarbeitungszwecken, &hellip; <\/p>\n<p><a class=\"more-link btn\" href=\"http:\/\/www.fabulousfulcrums.de\/cms\/?page_id=3432\">Weiterlesen<\/a><\/p>\n","protected":false},"author":68,"featured_media":0,"parent":0,"menu_order":0,"comment_status":"closed","ping_status":"closed","template":"","meta":{"footnotes":""},"class_list":["post-3432","page","type-page","status-publish","hentry","nodate","item-wrap"],"_links":{"self":[{"href":"http:\/\/www.fabulousfulcrums.de\/cms\/index.php?rest_route=\/wp\/v2\/pages\/3432","targetHints":{"allow":["GET"]}}],"collection":[{"href":"http:\/\/www.fabulousfulcrums.de\/cms\/index.php?rest_route=\/wp\/v2\/pages"}],"about":[{"href":"http:\/\/www.fabulousfulcrums.de\/cms\/index.php?rest_route=\/wp\/v2\/types\/page"}],"author":[{"embeddable":true,"href":"http:\/\/www.fabulousfulcrums.de\/cms\/index.php?rest_route=\/wp\/v2\/users\/68"}],"replies":[{"embeddable":true,"href":"http:\/\/www.fabulousfulcrums.de\/cms\/index.php?rest_route=%2Fwp%2Fv2%2Fcomments&post=3432"}],"version-history":[{"count":2,"href":"http:\/\/www.fabulousfulcrums.de\/cms\/index.php?rest_route=\/wp\/v2\/pages\/3432\/revisions"}],"predecessor-version":[{"id":3441,"href":"http:\/\/www.fabulousfulcrums.de\/cms\/index.php?rest_route=\/wp\/v2\/pages\/3432\/revisions\/3441"}],"wp:attachment":[{"href":"http:\/\/www.fabulousfulcrums.de\/cms\/index.php?rest_route=%2Fwp%2Fv2%2Fmedia&parent=3432"}],"curies":[{"name":"wp","href":"https:\/\/api.w.org\/{rel}","templated":true}]}}