{"id":4102,"date":"2021-01-11T22:00:41","date_gmt":"2021-01-11T20:00:41","guid":{"rendered":"http:\/\/www.fabulousfulcrums.de\/cms\/?page_id=4102"},"modified":"2021-01-19T13:11:40","modified_gmt":"2021-01-19T11:11:40","slug":"05-reunion-2007-in-dierhagen","status":"publish","type":"page","link":"http:\/\/www.fabulousfulcrums.de\/cms\/?page_id=4102","title":{"rendered":"05.Reunion 2007 in Dierhagen"},"content":{"rendered":"<h3>MiG-29-Flieger wieder auf dem Dar\u00df<\/h3>\n<p><a href=\"http:\/\/www.fabulousfulcrums.de\/cms\/wp-content\/uploads\/2021\/01\/FS-2007-017-scaled.jpg\" data-rel=\"lightbox-image-0\" data-imagelightbox=\"0\" data-rl_title=\"\" data-rl_caption=\"\" title=\"\"><img loading=\"lazy\" decoding=\"async\" class=\"alignleft wp-image-4530\" src=\"http:\/\/www.fabulousfulcrums.de\/cms\/wp-content\/uploads\/2021\/01\/FS-2007-017-300x225.jpg\" alt=\"\" width=\"175\" height=\"131\" srcset=\"http:\/\/www.fabulousfulcrums.de\/cms\/wp-content\/uploads\/2021\/01\/FS-2007-017-300x225.jpg 300w, http:\/\/www.fabulousfulcrums.de\/cms\/wp-content\/uploads\/2021\/01\/FS-2007-017-1024x768.jpg 1024w, http:\/\/www.fabulousfulcrums.de\/cms\/wp-content\/uploads\/2021\/01\/FS-2007-017-133x100.jpg 133w, http:\/\/www.fabulousfulcrums.de\/cms\/wp-content\/uploads\/2021\/01\/FS-2007-017-768x576.jpg 768w, http:\/\/www.fabulousfulcrums.de\/cms\/wp-content\/uploads\/2021\/01\/FS-2007-017-1536x1152.jpg 1536w, http:\/\/www.fabulousfulcrums.de\/cms\/wp-content\/uploads\/2021\/01\/FS-2007-017-2048x1536.jpg 2048w, http:\/\/www.fabulousfulcrums.de\/cms\/wp-content\/uploads\/2021\/01\/FS-2007-017-802x602.jpg 802w\" sizes=\"auto, (max-width: 175px) 100vw, 175px\" \/><\/a>Der Termin war etwas ungl\u00fccklich gew\u00e4hlt: Parallel zur 5. Reunion der FULCRUM-Staffel am 20. und 21. Oktober 2007 hatte das Jagdgeschwader 74 in Neuburg an der Donau zum Ball geladen &#8211; und so war das Teilnehmerfeld im Hotel &#8222;Fischland&#8220; auf dem Dar\u00df bei Rostock mit 65 G\u00e4sten im Vergleich zu den Vorjahren ein wenig ausged\u00fcnnt. &#8222;Aber deswegen veranstalten wir das Treffen ja j\u00e4hrlich, damit bei solchen \u00dcberschneidungen f\u00fcr die Betroffenen keine allzu gro\u00dfen L\u00fccken entstehen&#8220;, sagte Generalleutnant a. D. J\u00fcrgen H\u00f6che, der FULCRUM-Staffelkapit\u00e4n, in seiner Begr\u00fc\u00dfungsansprache. Nach recht unkomplizierter Best\u00e4tigung der Staffelf\u00fchrung im Amt f\u00fcr die n\u00e4chsten zwei Jahre blickte H\u00f6che in die Zukunft: &#8222;N\u00e4chstes Jahr wird die Reunion &#8211; dankenswerterweise von Gunter Fichte organisiert &#8211; in Dresden stattfinden.&#8220; Und 2011, zum zehnj\u00e4hrigen Bestehen der Traditions-Staffel, soll es nach Las Vegas gehen &#8211; die Idee war bereits im vergangenen Jahr ausgebr\u00fctet worden. &#8222;Das wollen wir wirklich in die Tat umsetzen und werden dazu eine <a href=\"http:\/\/www.fabulousfulcrums.de\/cms\/wp-content\/uploads\/FS-2007-Petersen-021.jpg\" data-rel=\"lightbox-image-1\" data-imagelightbox=\"1\" data-rl_title=\"\" data-rl_caption=\"\" title=\"\"><img loading=\"lazy\" decoding=\"async\" class=\"alignright wp-image-3963 size-medium\" src=\"http:\/\/www.fabulousfulcrums.de\/cms\/wp-content\/uploads\/FS-2007-Petersen-021-300x180.jpg\" alt=\"\" width=\"300\" height=\"180\" srcset=\"http:\/\/www.fabulousfulcrums.de\/cms\/wp-content\/uploads\/FS-2007-Petersen-021-300x180.jpg 300w, http:\/\/www.fabulousfulcrums.de\/cms\/wp-content\/uploads\/FS-2007-Petersen-021-1024x614.jpg 1024w, http:\/\/www.fabulousfulcrums.de\/cms\/wp-content\/uploads\/FS-2007-Petersen-021-150x90.jpg 150w, http:\/\/www.fabulousfulcrums.de\/cms\/wp-content\/uploads\/FS-2007-Petersen-021-768x461.jpg 768w, http:\/\/www.fabulousfulcrums.de\/cms\/wp-content\/uploads\/FS-2007-Petersen-021-802x481.jpg 802w, http:\/\/www.fabulousfulcrums.de\/cms\/wp-content\/uploads\/FS-2007-Petersen-021.jpg 1134w\" sizes=\"auto, (max-width: 300px) 100vw, 300px\" \/><\/a>Arbeitsgruppe einrichten&#8220;, so H\u00f6che. Erstmals dabei war bei der 5. Reunion Oberst Reinhard Mack, Kommodore des Jagdgeschwader 73 &#8222;Steinhoff&#8220; von 1995 bis 1998. Wie auch das 2006 neu aufgenommene Ehrenmitglied Johannes Falke, der in der Firma MAPS (MiG Aircraft Product Support) sehr viel f\u00fcr die deutschen FULCRUM-Flieger getan hat. Zudem erhielt Oberst Mack aus den H\u00e4nden des Staffelkapit\u00e4ns die MiG-29-Uhr und einen Silber-Pin. Den Vortrag des Abends bestritt Hauptmann Alex &#8222;Limey&#8220; H\u00f6nig mit einer Schilderung seiner Zeit als F-16C-Austauschpilot auf der Cannon Air Force Base im US-Bundesstaat New Mexico. &#8222;5000 K\u00fche und eine Startbahn&#8220;, so beschrieb H\u00f6nig den Ort, an dem er von 2004 bis 2007 die &#8222;VIPER&#8220; flog, f\u00fcr ihn im \u00fcbrigen die &#8222;Erf\u00fcllung eines Traums&#8220;. Gem\u00e4\u00df dem Motto des Vortrags &#8222;Als Limey bomben lernte&#8220; berichtete er \u00fcber die verschiedenen Berechtigungen, die er bei der 524th Fighter Squadron nach und nach erlangte &#8211; &#8222;bis hin zum Fluglehrer, obwohl das gar nicht geplant war&#8220; &#8211; und stellte F-16-Einsatzgrunds\u00e4tze und -verfahren detailliert dar. Unterst\u00fctzt wurde er dabei tatkr\u00e4ftig vom &#8222;Staffel-<img loading=\"lazy\" decoding=\"async\" class=\" wp-image-3957 alignleft\" src=\"http:\/\/www.fabulousfulcrums.de\/cms\/wp-content\/uploads\/FS-2007-Petersen-004-300x200.jpg\" alt=\"\" width=\"233\" height=\"155\" srcset=\"http:\/\/www.fabulousfulcrums.de\/cms\/wp-content\/uploads\/FS-2007-Petersen-004-300x200.jpg 300w, http:\/\/www.fabulousfulcrums.de\/cms\/wp-content\/uploads\/FS-2007-Petersen-004-1024x683.jpg 1024w, http:\/\/www.fabulousfulcrums.de\/cms\/wp-content\/uploads\/FS-2007-Petersen-004-150x100.jpg 150w, http:\/\/www.fabulousfulcrums.de\/cms\/wp-content\/uploads\/FS-2007-Petersen-004-768x512.jpg 768w, http:\/\/www.fabulousfulcrums.de\/cms\/wp-content\/uploads\/FS-2007-Petersen-004-1536x1024.jpg 1536w, http:\/\/www.fabulousfulcrums.de\/cms\/wp-content\/uploads\/FS-2007-Petersen-004-2048x1365.jpg 2048w, http:\/\/www.fabulousfulcrums.de\/cms\/wp-content\/uploads\/FS-2007-Petersen-004-802x535.jpg 802w\" sizes=\"auto, (max-width: 233px) 100vw, 233px\" \/>Rechnungsf\u00fchrer&#8220; Oberstleutnant J\u00fcrgen Schumann, der daf\u00fcr sorgte, dass die Powerpoint-Pr\u00e4sentation den Worten des Vortragenden folgte (&#8222;Hier dr\u00fcckte ein Oberstleutnant f\u00fcr einen Hauptmann die Kn\u00f6pfchen&#8220;). Auch das Private kam nicht zu kurz, H\u00f6nigs Schilderungen reichten von seinem Haus in der kleinen Stadt Clovis &#8211; &#8222;Mit Blick auf das sechste Loch des lokalen Golfplatzes&#8220; &#8211; bis hin zur problemlosen Aufnahme, die er und seine (amerikanische) Frau an ihrem tempor\u00e4ren Wohn- und Arbeitsort fanden. &#8222;Ich habe nie vorher so hart gearbeitet, so hart geflogen, so hart gefeiert und so viel Befriedigung dabei gehabt&#8220;, fasste H\u00f6nig seine Zeit als &#8222;Austauscher&#8220; zusammen. Dass auch die FULCRUM-Staffel hart zu feiern versteht, stellten ihre Mitglieder an diesem Abend &#8211; nach dem wie immer reichhaltigen Buffet &#8211; an der Hotelbar unter Beweis, wenn auch unter &#8222;erschwerten Bedingungen&#8220;: Die Umstellung auf die Winterzeit, die auf den Reunions in den Jahren zuvor immer f\u00fcr eine Extra-Nachtstunde gesorgt hatte, erfolgte erst ein Wochenende sp\u00e4ter. Dennoch wurden bis in die fr\u00fchen Morgenstunden in feucht-fr\u00f6hlicher Atmosph\u00e4re Erinnerungen aufgefrischt und Neuigkeiten ausgetauscht &#8211; und am n\u00e4chsten Morgen beim Fr\u00fchst\u00fcck waren sich alle trotz vorherrschenden Schlafdefizits einig: &#8222;Auch die 5. Reunion war wieder eine runde Sache.&#8220; Auf Wiedersehen in Dresden!<\/p>\n<p style=\"text-align: right;\"><span style=\"font-size: 10pt;\">Stefan Petersen<\/span><\/p>\n<p><a href=\"http:\/\/www.fabulousfulcrums.de\/cms\/?page_id=4088\">Bilder f\u00fcr Staffelmitglieder<\/a><\/p>\n","protected":false},"excerpt":{"rendered":"<p>MiG-29-Flieger wieder auf dem Dar\u00df Der Termin war etwas ungl\u00fccklich gew\u00e4hlt: Parallel zur 5. Reunion der FULCRUM-Staffel am 20. und 21. Oktober 2007 hatte das Jagdgeschwader 74 in Neuburg an der Donau zum Ball geladen &#8211; und so war das Teilnehmerfeld im Hotel &#8222;Fischland&#8220; auf dem Dar\u00df bei Rostock mit 65 G\u00e4sten im Vergleich zu &hellip; <\/p>\n<p><a class=\"more-link btn\" href=\"http:\/\/www.fabulousfulcrums.de\/cms\/?page_id=4102\">Weiterlesen<\/a><\/p>\n","protected":false},"author":68,"featured_media":0,"parent":0,"menu_order":0,"comment_status":"closed","ping_status":"closed","template":"","meta":{"footnotes":""},"class_list":["post-4102","page","type-page","status-publish","hentry","nodate","item-wrap"],"_links":{"self":[{"href":"http:\/\/www.fabulousfulcrums.de\/cms\/index.php?rest_route=\/wp\/v2\/pages\/4102","targetHints":{"allow":["GET"]}}],"collection":[{"href":"http:\/\/www.fabulousfulcrums.de\/cms\/index.php?rest_route=\/wp\/v2\/pages"}],"about":[{"href":"http:\/\/www.fabulousfulcrums.de\/cms\/index.php?rest_route=\/wp\/v2\/types\/page"}],"author":[{"embeddable":true,"href":"http:\/\/www.fabulousfulcrums.de\/cms\/index.php?rest_route=\/wp\/v2\/users\/68"}],"replies":[{"embeddable":true,"href":"http:\/\/www.fabulousfulcrums.de\/cms\/index.php?rest_route=%2Fwp%2Fv2%2Fcomments&post=4102"}],"version-history":[{"count":11,"href":"http:\/\/www.fabulousfulcrums.de\/cms\/index.php?rest_route=\/wp\/v2\/pages\/4102\/revisions"}],"predecessor-version":[{"id":4712,"href":"http:\/\/www.fabulousfulcrums.de\/cms\/index.php?rest_route=\/wp\/v2\/pages\/4102\/revisions\/4712"}],"wp:attachment":[{"href":"http:\/\/www.fabulousfulcrums.de\/cms\/index.php?rest_route=%2Fwp%2Fv2%2Fmedia&parent=4102"}],"curies":[{"name":"wp","href":"https:\/\/api.w.org\/{rel}","templated":true}]}}