{"id":4975,"date":"2021-12-12T14:04:49","date_gmt":"2021-12-12T13:04:49","guid":{"rendered":"http:\/\/www.fabulousfulcrums.de\/cms\/?page_id=4975"},"modified":"2021-12-12T14:14:27","modified_gmt":"2021-12-12T13:14:27","slug":"rudis-letzte-reise","status":"publish","type":"page","link":"http:\/\/www.fabulousfulcrums.de\/cms\/?page_id=4975","title":{"rendered":"Rudis letzte Reise"},"content":{"rendered":"<div class=\"\" dir=\"auto\">\n<div id=\"jsc_c_2vj\" class=\"ecm0bbzt hv4rvrfc ihqw7lf3 dati1w0a\" data-ad-comet-preview=\"message\" data-ad-preview=\"message\">\n<div class=\"j83agx80 cbu4d94t ew0dbk1b irj2b8pg\">\n<div class=\"qzhwtbm6 knvmm38d\">\n<div class=\"kvgmc6g5 cxmmr5t8 oygrvhab hcukyx3x c1et5uql ii04i59q\">\n<div dir=\"auto\"><a href=\"http:\/\/www.fabulousfulcrums.de\/cms\/wp-content\/uploads\/2021\/12\/IMG-20211208-WA0001.jpg\" data-rel=\"lightbox-image-0\" data-imagelightbox=\"0\" data-rl_title=\"\" data-rl_caption=\"\" title=\"\"><img loading=\"lazy\" decoding=\"async\" class=\"alignleft wp-image-4980\" src=\"http:\/\/www.fabulousfulcrums.de\/cms\/wp-content\/uploads\/2021\/12\/IMG-20211208-WA0001.jpg\" alt=\"\" width=\"284\" height=\"160\" srcset=\"http:\/\/www.fabulousfulcrums.de\/cms\/wp-content\/uploads\/2021\/12\/IMG-20211208-WA0001.jpg 1600w, http:\/\/www.fabulousfulcrums.de\/cms\/wp-content\/uploads\/2021\/12\/IMG-20211208-WA0001-300x169.jpg 300w, http:\/\/www.fabulousfulcrums.de\/cms\/wp-content\/uploads\/2021\/12\/IMG-20211208-WA0001-1024x576.jpg 1024w, http:\/\/www.fabulousfulcrums.de\/cms\/wp-content\/uploads\/2021\/12\/IMG-20211208-WA0001-150x84.jpg 150w, http:\/\/www.fabulousfulcrums.de\/cms\/wp-content\/uploads\/2021\/12\/IMG-20211208-WA0001-768x432.jpg 768w, http:\/\/www.fabulousfulcrums.de\/cms\/wp-content\/uploads\/2021\/12\/IMG-20211208-WA0001-1536x864.jpg 1536w, http:\/\/www.fabulousfulcrums.de\/cms\/wp-content\/uploads\/2021\/12\/IMG-20211208-WA0001-802x451.jpg 802w\" sizes=\"auto, (max-width: 284px) 100vw, 284px\" \/><\/a>Unser Staffel Fahrzeug, die\u00a0 29+13 &#8222;Rudi&#8220;, hat seine wohl letzte Reise abgeschlossen und ist gut im Luftwaffenmuseum in Berlin angekommen. Dort bekommt er hoffentlich einen sch\u00f6nen Platz in der N\u00e4he unserer MiG-29 in der Ausstellung. In den 90ern hatten wir unglaublich viele Mitfl\u00fcge von zivilen und milit\u00e4rischen VIPs, Regierungsoberh\u00e4uptern aus der ganzen Welt, Sportlern und, und, und&#8230;<\/div>\n<div dir=\"auto\">Und alle wurden nach dem Flug mit unserem Rudi abgeholt, zur\u00fcck in die Staffel gebracht und haben im Innenraum des Trabis unterschrieben.<a href=\"http:\/\/www.fabulousfulcrums.de\/cms\/wp-content\/uploads\/2021\/12\/IMG-20211208-WA0003.jpg\" data-rel=\"lightbox-image-1\" data-imagelightbox=\"1\" data-rl_title=\"\" data-rl_caption=\"\" title=\"\"><img loading=\"lazy\" decoding=\"async\" class=\"alignright wp-image-4982\" src=\"http:\/\/www.fabulousfulcrums.de\/cms\/wp-content\/uploads\/2021\/12\/IMG-20211208-WA0003.jpg\" alt=\"\" width=\"240\" height=\"135\" srcset=\"http:\/\/www.fabulousfulcrums.de\/cms\/wp-content\/uploads\/2021\/12\/IMG-20211208-WA0003.jpg 1600w, http:\/\/www.fabulousfulcrums.de\/cms\/wp-content\/uploads\/2021\/12\/IMG-20211208-WA0003-300x169.jpg 300w, http:\/\/www.fabulousfulcrums.de\/cms\/wp-content\/uploads\/2021\/12\/IMG-20211208-WA0003-1024x576.jpg 1024w, http:\/\/www.fabulousfulcrums.de\/cms\/wp-content\/uploads\/2021\/12\/IMG-20211208-WA0003-150x84.jpg 150w, http:\/\/www.fabulousfulcrums.de\/cms\/wp-content\/uploads\/2021\/12\/IMG-20211208-WA0003-768x432.jpg 768w, http:\/\/www.fabulousfulcrums.de\/cms\/wp-content\/uploads\/2021\/12\/IMG-20211208-WA0003-1536x864.jpg 1536w, http:\/\/www.fabulousfulcrums.de\/cms\/wp-content\/uploads\/2021\/12\/IMG-20211208-WA0003-802x451.jpg 802w\" sizes=\"auto, (max-width: 240px) 100vw, 240px\" \/><\/a><\/div>\n<div dir=\"auto\">Aber auch wir hatten unseren Spa\u00df, sind bei Nebel (Wetter zu schlecht zum fliegen aber Trabifahren geht), zu f\u00fcnft in dem Schuhkarton die Landebahn runter gefegt und haben fast atemberaubende 100 km\/h erreicht &#8211; fast. Daf\u00fcr musst du heute wahrscheinlich alle Scheine abgeben, inkl. Impfpass.<\/div>\n<div dir=\"auto\">Der Rudi wurde von Herpa sogar mal als Metallmodell verkauft &#8211; ordentliche Karriere.<\/div>\n<div dir=\"auto\"><a href=\"http:\/\/www.fabulousfulcrums.de\/cms\/wp-content\/uploads\/2021\/12\/IMG-20211208-WA0004.jpg\" data-rel=\"lightbox-image-2\" data-imagelightbox=\"2\" data-rl_title=\"\" data-rl_caption=\"\" title=\"\"><img loading=\"lazy\" decoding=\"async\" class=\"alignleft wp-image-4983\" src=\"http:\/\/www.fabulousfulcrums.de\/cms\/wp-content\/uploads\/2021\/12\/IMG-20211208-WA0004.jpg\" alt=\"\" width=\"204\" height=\"115\" srcset=\"http:\/\/www.fabulousfulcrums.de\/cms\/wp-content\/uploads\/2021\/12\/IMG-20211208-WA0004.jpg 1600w, http:\/\/www.fabulousfulcrums.de\/cms\/wp-content\/uploads\/2021\/12\/IMG-20211208-WA0004-300x169.jpg 300w, http:\/\/www.fabulousfulcrums.de\/cms\/wp-content\/uploads\/2021\/12\/IMG-20211208-WA0004-1024x576.jpg 1024w, http:\/\/www.fabulousfulcrums.de\/cms\/wp-content\/uploads\/2021\/12\/IMG-20211208-WA0004-150x84.jpg 150w, http:\/\/www.fabulousfulcrums.de\/cms\/wp-content\/uploads\/2021\/12\/IMG-20211208-WA0004-768x432.jpg 768w, http:\/\/www.fabulousfulcrums.de\/cms\/wp-content\/uploads\/2021\/12\/IMG-20211208-WA0004-1536x864.jpg 1536w, http:\/\/www.fabulousfulcrums.de\/cms\/wp-content\/uploads\/2021\/12\/IMG-20211208-WA0004-802x451.jpg 802w\" sizes=\"auto, (max-width: 204px) 100vw, 204px\" \/><\/a>Danke an die Kameraden, die das alles m\u00f6glich gemacht haben.<\/div>\n<div dir=\"auto\"><\/div>\n<div dir=\"auto\">Wir sehen uns in Berlin, Rudi!<\/div>\n<\/div>\n<\/div>\n<\/div>\n<\/div>\n<\/div>\n","protected":false},"excerpt":{"rendered":"<p>Unser Staffel Fahrzeug, die\u00a0 29+13 &#8222;Rudi&#8220;, hat seine wohl letzte Reise abgeschlossen und ist gut im Luftwaffenmuseum in Berlin angekommen. Dort bekommt er hoffentlich einen sch\u00f6nen Platz in der N\u00e4he unserer MiG-29 in der Ausstellung. In den 90ern hatten wir unglaublich viele Mitfl\u00fcge von zivilen und milit\u00e4rischen VIPs, Regierungsoberh\u00e4uptern aus der ganzen Welt, Sportlern und, &hellip; <\/p>\n<p><a class=\"more-link btn\" href=\"http:\/\/www.fabulousfulcrums.de\/cms\/?page_id=4975\">Weiterlesen<\/a><\/p>\n","protected":false},"author":68,"featured_media":0,"parent":0,"menu_order":0,"comment_status":"closed","ping_status":"closed","template":"","meta":{"footnotes":""},"class_list":["post-4975","page","type-page","status-publish","hentry","nodate","item-wrap"],"_links":{"self":[{"href":"http:\/\/www.fabulousfulcrums.de\/cms\/index.php?rest_route=\/wp\/v2\/pages\/4975","targetHints":{"allow":["GET"]}}],"collection":[{"href":"http:\/\/www.fabulousfulcrums.de\/cms\/index.php?rest_route=\/wp\/v2\/pages"}],"about":[{"href":"http:\/\/www.fabulousfulcrums.de\/cms\/index.php?rest_route=\/wp\/v2\/types\/page"}],"author":[{"embeddable":true,"href":"http:\/\/www.fabulousfulcrums.de\/cms\/index.php?rest_route=\/wp\/v2\/users\/68"}],"replies":[{"embeddable":true,"href":"http:\/\/www.fabulousfulcrums.de\/cms\/index.php?rest_route=%2Fwp%2Fv2%2Fcomments&post=4975"}],"version-history":[{"count":5,"href":"http:\/\/www.fabulousfulcrums.de\/cms\/index.php?rest_route=\/wp\/v2\/pages\/4975\/revisions"}],"predecessor-version":[{"id":4986,"href":"http:\/\/www.fabulousfulcrums.de\/cms\/index.php?rest_route=\/wp\/v2\/pages\/4975\/revisions\/4986"}],"wp:attachment":[{"href":"http:\/\/www.fabulousfulcrums.de\/cms\/index.php?rest_route=%2Fwp%2Fv2%2Fmedia&parent=4975"}],"curies":[{"name":"wp","href":"https:\/\/api.w.org\/{rel}","templated":true}]}}