{"id":5094,"date":"2023-01-03T10:06:55","date_gmt":"2023-01-03T09:06:55","guid":{"rendered":"http:\/\/www.fabulousfulcrums.de\/cms\/?page_id=5094"},"modified":"2023-01-11T20:14:48","modified_gmt":"2023-01-11T19:14:48","slug":"18-reunion-luzern-schweiz","status":"publish","type":"page","link":"http:\/\/www.fabulousfulcrums.de\/cms\/?page_id=5094","title":{"rendered":"18.Reunion Luzern\/Schweiz"},"content":{"rendered":"<p>\u201ePriiiiies!\u201c \u2013 ganz so viele Schnupftabak-Runden wie vor 20 Jahren wurden an diesem Abend im Schweizerischen Luzern nicht geschnupft. F\u00fcr die Teilnehmer der 18.Reunion der FULCRUM-Staffel wurde ein vorz\u00fcgliches Men\u00fc aufgetischt und vielleicht wollte man sich den guten Geschmack im Mund nicht nehmen. Die Stimmung war trotzdem aller bestens, denn genau 20 Jahre nach der legend\u00e4ren \u00dcbung FULCA der MiG-29-Staffel in D\u00fcbendorf\/Schweiz, fanden sich immerhin 18 Piloten mit Ihren Partnern zusammen, um sich an dieses Ereignis zu erinnern. Die harmonische Abendveranstaltung, diesmal in legerem Zivil, an der auch die Inspekteure beider Luftwaffen teilnahmen war der Abschluss eines tollen 2-t\u00e4gigen Programms!<\/p>\n<p><img loading=\"lazy\" decoding=\"async\" class=\"\" src=\"http:\/\/www.fabulousfulcrums.de\/cms\/wp-content\/uploads\/2023\/01\/20221020_152856-scaled.jpg\" width=\"601\" height=\"338\" \/><\/p>\n<p>Terminlicher Aufh\u00e4nger und Hauptprogrammpunkt f\u00fcr die FULCRUM-Staffel Reunion 2022 war das j\u00e4hrlich auf der Axalp stattfindende Schie\u00dfen der Schweizer Luftwaffe. Der offizielle Start und Treffpunkt befand sich in der N\u00e4he des Milit\u00e4rflugplatzes Meiringen wo uns die Kameraden der Schweizer Luftwaffe fr\u00fch am Morgen in Empfang nahmen. Hier war die Wiedersehensfreude gro\u00df, es wurden Umarmungen und VIP Tickets ausgetauscht und 20 Jahre alte Staffel-T-Shirts unter den Jacken bewundert. <img loading=\"lazy\" decoding=\"async\" class=\"alignleft\" src=\"http:\/\/www.fabulousfulcrums.de\/cms\/wp-content\/uploads\/2023\/01\/20221020_082010-scaled.jpg\" width=\"262\" height=\"466\" \/><\/p>\n<p>Danach teilte sich die Gruppe aber auch schon wieder in die VIPs, die mit gro\u00dfem Empfang und Imbiss mittels Helikopterfl\u00fcgen hoch auf den Schie\u00dfplatz gebracht wurden, und den Rest der Gruppe, der sich in die Karawane der ca. 4000 Besuchern einreihte. W\u00e4hrend die Helikopterflieger nun Reden und tr\u00f6ge Schnittchen \u00fcber sich ergehen lassen mussten (Ironie) durften wir einen herrlichen Ausflug in die Schweizer Bergwelt genie\u00dfen. In mehreren kleinen Gruppen ging es zun\u00e4chst mit einer 30-min\u00fctigen Busfahrt ins Dorf Axalp und schlie\u00dflich zu Fu\u00df f\u00fcr zwei Stunden heftig steil bergauf. Das war f\u00fcr den einen oder anderen schon eine k\u00f6rperliche Herausforderung. Mit kleinen Pausen und einer Prise Schnupf zwischendurch haben es aber alle geschafft. Der Schie\u00dfplatz liegt auf \u00fcber 2200m Meeresh\u00f6he und die Kulisse der grandiosen Bergwelt ist schon f\u00fcr sich allein eine Attraktion. Das gut zweist\u00fcndige Schie\u00dfen mit Flugvorf\u00fchrungen aller Art ist jedoch ein absolutes Highlight f\u00fcr Milit\u00e4rflieger und wir waren uns einig, die M\u00fchen des Aufstiegs mehr als wert. Die professionelle und sympathische Art und Weise wie die Schweizer Luftwaffe ihre F\u00e4higkeiten und Ihre Flugger\u00e4te der \u00d6ffentlichkeit pr\u00e4sentierten war sehr beeindruckend! Vom Einsatz der F-18 Bordkanone auf Bodenziele \u00fcber Helikoptereins\u00e4tze und Vorbeifl\u00fcge verschiedener Flugzeugmuster in Formationen war allerhand geboten. Die Schweizer Nationalhymne, von vielen der 4000 Besuchern lautstark mitgesungen, sorgte zum Ende hin f\u00fcr einen G\u00e4nsehaut-Moment am Berg bevor die Kunstflugstaffel \u201ePatrol de Suisse\u201c mit ihrer Flugvorf\u00fchrung den H\u00f6hepunkt der zweist\u00fcndigen Veranstaltung bot.<\/p>\n<p>Im Abstieg und w\u00e4hrend der R\u00fcckfahrt nach Luzern hatten wir genug Zeit das Erlebte zu verarbeiten.<\/p>\n<p>Am n\u00e4chsten Tag sammelten wir uns in dem nahe Luzern gelegenen Pilatus-Flugzeugwerk. Hier wurden wir au\u00dferordentlich freundlich und aufw\u00e4ndig wahrgenommen und neben einem gro\u00dfartigen Vortrag durften wir eine sehr interessante Werksbesichtigung erleben. Ohne zu viel Werbung zu machen, muss man von diesem Unternehmen begeistert sein.<\/p>\n<p style=\"text-align: center;\"><img loading=\"lazy\" decoding=\"async\" class=\"\" src=\"http:\/\/www.fabulousfulcrums.de\/cms\/wp-content\/uploads\/2023\/01\/20221021_143624-scaled.jpg\" width=\"599\" height=\"378\" \/><\/p>\n<p style=\"text-align: left;\">Beim abendlichen Zusammensein res\u00fcmierte der Staffelkapit\u00e4n Gen. J\u00fcrgen H\u00f6che in seiner Ansprache die einmaligen Eindr\u00fccke und dankte den Organisatoren. Er selbst steht der kleinen, aber feinen Gemeinschaft um die MiG-29 nun schon seit 2005 vor und hat noch bei keiner einzigen Reunion seitdem gefehlt!\u00a0 Schlie\u00dflich bat der der Kommandant der Schweizer Luftwaffe Division\u00e4r Peter Merz kurz ums Wort um\u00a0 General H\u00f6che und seinem deutschen Counterpart Luftwaffen-Inspekteur Ingo Gerhartz f\u00fcr die Einladung und f\u00fcr die freundschaftliche Verbundenheit zu danken und sprach allen Anwesenden aus der Seele als er den Zusammenhalt und positiven Geist dieser kleinen Gemeinschaft um die MiG-29 lobte.<\/p>\n<p style=\"text-align: center;\"><img loading=\"lazy\" decoding=\"async\" class=\"\" src=\"http:\/\/www.fabulousfulcrums.de\/cms\/wp-content\/uploads\/2023\/01\/20221021_222656-scaled.jpg\" width=\"599\" height=\"337\" \/><\/p>\n<p><a href=\"http:\/\/www.fabulousfulcrums.de\/cms\/?page_id=5205\">Bilder f\u00fcr Mitglieder<\/a><\/p>\n","protected":false},"excerpt":{"rendered":"<p>\u201ePriiiiies!\u201c \u2013 ganz so viele Schnupftabak-Runden wie vor 20 Jahren wurden an diesem Abend im Schweizerischen Luzern nicht geschnupft. F\u00fcr die Teilnehmer der 18.Reunion der FULCRUM-Staffel wurde ein vorz\u00fcgliches Men\u00fc aufgetischt und vielleicht wollte man sich den guten Geschmack im Mund nicht nehmen. Die Stimmung war trotzdem aller bestens, denn genau 20 Jahre nach der &hellip; <\/p>\n<p><a class=\"more-link btn\" href=\"http:\/\/www.fabulousfulcrums.de\/cms\/?page_id=5094\">Weiterlesen<\/a><\/p>\n","protected":false},"author":68,"featured_media":0,"parent":0,"menu_order":0,"comment_status":"closed","ping_status":"closed","template":"","meta":{"footnotes":""},"class_list":["post-5094","page","type-page","status-publish","hentry","nodate","item-wrap"],"_links":{"self":[{"href":"http:\/\/www.fabulousfulcrums.de\/cms\/index.php?rest_route=\/wp\/v2\/pages\/5094","targetHints":{"allow":["GET"]}}],"collection":[{"href":"http:\/\/www.fabulousfulcrums.de\/cms\/index.php?rest_route=\/wp\/v2\/pages"}],"about":[{"href":"http:\/\/www.fabulousfulcrums.de\/cms\/index.php?rest_route=\/wp\/v2\/types\/page"}],"author":[{"embeddable":true,"href":"http:\/\/www.fabulousfulcrums.de\/cms\/index.php?rest_route=\/wp\/v2\/users\/68"}],"replies":[{"embeddable":true,"href":"http:\/\/www.fabulousfulcrums.de\/cms\/index.php?rest_route=%2Fwp%2Fv2%2Fcomments&post=5094"}],"version-history":[{"count":11,"href":"http:\/\/www.fabulousfulcrums.de\/cms\/index.php?rest_route=\/wp\/v2\/pages\/5094\/revisions"}],"predecessor-version":[{"id":5213,"href":"http:\/\/www.fabulousfulcrums.de\/cms\/index.php?rest_route=\/wp\/v2\/pages\/5094\/revisions\/5213"}],"wp:attachment":[{"href":"http:\/\/www.fabulousfulcrums.de\/cms\/index.php?rest_route=%2Fwp%2Fv2%2Fmedia&parent=5094"}],"curies":[{"name":"wp","href":"https:\/\/api.w.org\/{rel}","templated":true}]}}