{"id":5565,"date":"2023-11-20T11:25:04","date_gmt":"2023-11-20T10:25:04","guid":{"rendered":"http:\/\/www.fabulousfulcrums.de\/cms\/?page_id=5565"},"modified":"2023-12-05T15:00:44","modified_gmt":"2023-12-05T14:00:44","slug":"19-reunion-in-dierhagen","status":"publish","type":"page","link":"http:\/\/www.fabulousfulcrums.de\/cms\/?page_id=5565","title":{"rendered":"19.Reunion in Dierhagen"},"content":{"rendered":"<h3>FULCRUM-Staffel @home<\/h3>\n<p>Nach einem spektakul\u00e4ren Treffen im vergangenen Jahr anl\u00e4sslich des Axalpschiessens in der Schweiz haben sich die ehemaligen MiG-29 Piloten in diesem Jahr wieder einmal in die alte Heimat zur\u00fcckgezogen. Die 19.Reunion wurde in eben jenem Hotel, ja sogar im selben Raum, gefeiert in der vor \u00fcber 20 Jahren die allererste Reunion der kleinen Gemeinschaft stattfand. Mit 47 Teilnehmern war es das bislang kleinste Treffen, was jedoch der Atmosph\u00e4re und der guten Stimmung keinen Abbruch tat.<\/p>\n<p style=\"text-align: center;\"><img loading=\"lazy\" decoding=\"async\" class=\"\" src=\"http:\/\/www.fabulousfulcrums.de\/cms\/wp-content\/uploads\/2023\/11\/20231028_183958-scaled.jpg\" width=\"624\" height=\"351\" \/><\/p>\n<p>Der Staffelkapit\u00e4n GenLt a.D. J\u00fcrgen H\u00f6che begr\u00fc\u00dfte die G\u00e4ste in einem gem\u00fctlich, fast wohnzimmerartig eingerichteten Raum, in dessen Mitte sich schon der appetitliche Duft eines k\u00f6stlichen Buffets verbreitete. In seinen wie immer kurzweiligen Ausf\u00fchrungen wies er auch auf seine repr\u00e4sentativen T\u00e4tigkeiten und Kranzlegungen hin \u201eDamit Sie auch mal wissen wof\u00fcr wir Ihre Mitgliedsbeitr\u00e4ge auch verwenden\u2026\u201c und warb f\u00fcr eine individuelle Mitgliedschaft in der \u201eGemeinschaft der Flieger Deutscher Streitkr\u00e4fte\u201c. Seine gekonnten Ausf\u00fchrungen zu Ehren unserer Damen, die nat\u00fcrlich nicht fehlen durften, wurden mit reichlich Applaus bedacht.<\/p>\n<p>Anschlie\u00dfend ergriff der Organisator und EStO der Staffel OTL a.D. Peter Steiniger das Wort und gab unter anderem einige Erl\u00e4uterungen zum Thema Finanzierung der Treffen. Hierzu legte der Rechnungsf\u00fchrer OTL J\u00fcrgen Schumann anschlie\u00dfend noch einige Folien auf.<\/p>\n<p><img loading=\"lazy\" decoding=\"async\" class=\"aligncenter\" src=\"http:\/\/www.fabulousfulcrums.de\/cms\/wp-content\/uploads\/2023\/12\/DSC01342-scaled.jpeg\" width=\"516\" height=\"344\" \/><\/p>\n<p>Bevor zur Er\u00f6ffnung des Buffets eine leckere Suppe gereicht wurde, sorgte Steiniger f\u00fcr den emotionalsten Moment des kurzen offiziellen Teils in dem er seinem Chef, dem Staffelkapit\u00e4n GenLt.a.D. J\u00fcrgen H\u00f6che f\u00fcr seinen Dienst dankte! Der vitale 83-j\u00e4hrige steht der Staffel um die exotische MiG-29 FULCRUM, die im Zuge der Wiedervereinigung Deutschlands von der NVA in den Bestand der Bundeswehr \u00fcbernommen wurde, seit der Dritten Reunion im Jahre 2005 vor. Er selbst hat sie als Divisionskommandeur ab 1993 geflogen und \u00fcbernahm das Amt vom verstorbenen ersten Staffelkapit\u00e4n Oberst Manfred Menge. \u201eDieser Dank ist l\u00e4ngst \u00fcberf\u00e4llig! Du bist das Gesicht und die Stimme der Staffel und bist seit 20 Jahren bei jeder Reunion dabei!\u201c f\u00fchrte Steiniger aus, \u201eWir sind stolz, dass Du unser Staka bist und w\u00fcnschen uns, dass Du es noch lange bleibst!\u201c Der gro\u00dfe Applaus im Raum bekr\u00e4ftigte diesen Wunsch aller und wieder einmal nahm ein sch\u00f6ner Abend seinen Lauf.<\/p>\n<p>&nbsp;<\/p>\n<p><a href=\"http:\/\/www.fabulousfulcrums.de\/cms\/?page_id=5569\">Bilder f\u00fcr Staffelmitglieder<\/a><\/p>\n","protected":false},"excerpt":{"rendered":"<p>FULCRUM-Staffel @home Nach einem spektakul\u00e4ren Treffen im vergangenen Jahr anl\u00e4sslich des Axalpschiessens in der Schweiz haben sich die ehemaligen MiG-29 Piloten in diesem Jahr wieder einmal in die alte Heimat zur\u00fcckgezogen. Die 19.Reunion wurde in eben jenem Hotel, ja sogar im selben Raum, gefeiert in der vor \u00fcber 20 Jahren die allererste Reunion der kleinen &hellip; <\/p>\n<p><a class=\"more-link btn\" href=\"http:\/\/www.fabulousfulcrums.de\/cms\/?page_id=5565\">Weiterlesen<\/a><\/p>\n","protected":false},"author":68,"featured_media":0,"parent":0,"menu_order":0,"comment_status":"closed","ping_status":"closed","template":"","meta":{"footnotes":""},"class_list":["post-5565","page","type-page","status-publish","hentry","nodate","item-wrap"],"_links":{"self":[{"href":"http:\/\/www.fabulousfulcrums.de\/cms\/index.php?rest_route=\/wp\/v2\/pages\/5565","targetHints":{"allow":["GET"]}}],"collection":[{"href":"http:\/\/www.fabulousfulcrums.de\/cms\/index.php?rest_route=\/wp\/v2\/pages"}],"about":[{"href":"http:\/\/www.fabulousfulcrums.de\/cms\/index.php?rest_route=\/wp\/v2\/types\/page"}],"author":[{"embeddable":true,"href":"http:\/\/www.fabulousfulcrums.de\/cms\/index.php?rest_route=\/wp\/v2\/users\/68"}],"replies":[{"embeddable":true,"href":"http:\/\/www.fabulousfulcrums.de\/cms\/index.php?rest_route=%2Fwp%2Fv2%2Fcomments&post=5565"}],"version-history":[{"count":5,"href":"http:\/\/www.fabulousfulcrums.de\/cms\/index.php?rest_route=\/wp\/v2\/pages\/5565\/revisions"}],"predecessor-version":[{"id":5601,"href":"http:\/\/www.fabulousfulcrums.de\/cms\/index.php?rest_route=\/wp\/v2\/pages\/5565\/revisions\/5601"}],"wp:attachment":[{"href":"http:\/\/www.fabulousfulcrums.de\/cms\/index.php?rest_route=%2Fwp%2Fv2%2Fmedia&parent=5565"}],"curies":[{"name":"wp","href":"https:\/\/api.w.org\/{rel}","templated":true}]}}