{"id":5769,"date":"2024-11-10T13:53:02","date_gmt":"2024-11-10T12:53:02","guid":{"rendered":"http:\/\/www.fabulousfulcrums.de\/cms\/?page_id=5769"},"modified":"2025-07-09T10:58:18","modified_gmt":"2025-07-09T09:58:18","slug":"20-reunion-in-rostock-laage","status":"publish","type":"page","link":"http:\/\/www.fabulousfulcrums.de\/cms\/?page_id=5769","title":{"rendered":"20.Reunion in Rostock\/Laage"},"content":{"rendered":"<h3>Das Jubil\u00e4um<strong><br \/>\n<\/strong><\/h3>\n<p><img loading=\"lazy\" decoding=\"async\" class=\"\" src=\"http:\/\/www.fabulousfulcrums.de\/cms\/wp-content\/uploads\/2024\/11\/IMG_1525-1-scaled.jpg\" width=\"702\" height=\"307\" \/><\/p>\n<p>Jubil\u00e4en bilden stets den Anlass zu R\u00fcckblicken, und die 20. Reunion der FULCRUM-Traditionsstaffel machte da keine Ausnahme. Oberstleutnant a.D. Peter \u201eSTOINI\u201c Steiniger, einer der drei \u201eEinsatzoffiziere\u201c der Staffel und nach den Worten von \u201eStaffelkapit\u00e4n\u201c Generalleutnant a.D. J\u00fcrgen H\u00f6che der \u201eSpiritus rector\u201c der Traditionsgemeinschaft, drohte zwar, diese auf nur \u201ewenige Stunden\u201c zu beschr\u00e4nken, aber am Ende war es doch eher ein Parforce-Ritt mit Bildern durch die Staffel-Geschichte, die am 29. November 2001 mit der Gr\u00fcndung dieser kleinen, aber feinen Traditionsgemeinschaft ihren Anfang genommen hatte. Zun\u00e4chst aber hatte wie \u00fcblich der Staffelkapit\u00e4n das Wort, bei dem er leider auch einen traurigen Anlass ansprechen musste: Die Traditionsgemeinschaft hatte im Mai 2024 mit Oberstleutnant Andreas \u201eGasman\u201c Gassner eines ihrer Mitglieder verloren. Nach einer Schweigeminute begr\u00fc\u00dfte H\u00f6che dessen Witwe Michaela Gassner auf der Reunion mit dem abgewandelten Goethe-Zitat: \u201eWer tief in seinem Ged\u00e4chtnis etwas besitzt, dem kann der Tod es nicht nehmen\u201c und f\u00fcgte hinzu: \u201eUnsere Kameraden bleiben fest in unserem Ged\u00e4chtnis\u201c, was mit lautem Beifall aus dem Saal begr\u00fc\u00dft wurde.<a href=\"http:\/\/www.fabulousfulcrums.de\/cms\/wp-content\/uploads\/2024\/05\/Gassner.jpg\" data-rel=\"lightbox-image-0\" data-imagelightbox=\"0\" data-rl_title=\"\" data-rl_caption=\"\" title=\"\"><img loading=\"lazy\" decoding=\"async\" class=\"aligncenter\" src=\"http:\/\/www.fabulousfulcrums.de\/cms\/wp-content\/uploads\/2024\/05\/Gassner.jpg\" alt=\"\" width=\"142\" height=\"174\" \/><\/a>Begr\u00fc\u00dft wurden weiterhin die Ehreng\u00e4ste Anne Sailer von der Fliegerkneipe in Berlin und Stabsfeldwebel Udo Leucht, seinerzeit Spie\u00df der 1. (FULCRUM-)Staffel des damaligen Jagdgeschwaders 73 \u201eSteinhoff\u201c (heute: Taktisches Luftwaffengeschwader 73 \u201eSteinhoff\u201c \/ TaktLwG 73 \u201eS\u201c) und noch aktiv im Gefechsstand der Staffel, sowie die Mitglieder mit der weitesten Anreise, beide ehemalige Offiziere der US Air Force: Lieutenant-Colonel (retired) Michael Jaensch mit seiner Frau Rebecca sowie Major (retired) Douglas Russell mit seiner Frau Kelly, die den Weg aus Texas beziehungsweise Nevada auf sich genommen hatten, um bei der Jubil\u00e4ums-Reunion dabei zu sein.<img loading=\"lazy\" decoding=\"async\" class=\"aligncenter\" src=\"http:\/\/www.fabulousfulcrums.de\/cms\/wp-content\/uploads\/2024\/11\/IMG_1540-scaled.jpg\" alt=\"\" width=\"347\" height=\"231\" \/><\/p>\n<p>Ein weiterer \u201eSpecial guest\u201c war der Stellvertreter des Kommodore des TaktLwG 73 \u201eS\u201c, Oberstleutnant Stephan Mohler, der tatkr\u00e4ftig f\u00fcr ein beeindruckendes Rahmenprogramm der Jubil\u00e4ums-Reunion auf dem Fliegerhorst Laage gesorgt und die Teilnehmer tags zuvor beim Kurzbesuch im \u2013 inzwischen v\u00f6lligumgestalteten \u2013 Geb\u00e4ude der 1. Staffel pers\u00f6nlich begr\u00fc\u00dft hatte. Zwar gab es wegen Bauarbeiten an der Startbahn keinen Flugbetrieb im Geschwader, aber immerhin konnte ein Eurofighter in seiner Abstellbox genauer in Augenschein genommen werden. Und beim anschlie\u00dfenden H\u00f6hepunkt des Programms hatte jeder, der wollte, im Simulator Gelegenheit, diesen Nachfolger der MiG-29 artgerecht zu bewegen \u2013 f\u00fcr manch altgedienten FULCRUM-Piloten ein Ereignis, von dem noch auf dem eigentlichen Reunion-Abend geschw\u00e4rmt wurde. Ein gemeinsames Essen im Offizier-\/Unteroffizierheim rundete das Rahmenprogramm ab. Zum Dank \u00fcberreichte Major a.D. Rainer Hankowiak im Namen der Staffel an Oberstleutnant Mohler eine der raren Flaschen MiG-29-Sekts aus Preschen.<img loading=\"lazy\" decoding=\"async\" class=\"aligncenter\" src=\"http:\/\/www.fabulousfulcrums.de\/cms\/wp-content\/uploads\/2024\/11\/IMG_1572-scaled.jpg\" alt=\"\" width=\"376\" height=\"251\" \/><\/p>\n<p>Vom Geschwaderbesuch war bereits ein Film entstanden (F\u00fcr Staffelmitglieder siehe Link unten), der \u2013 von Steinigers Tochter Alexandra als Angeh\u00f6riger des Fachmedienzentrums Laage in Nachtarbeit geschnitten und vertont \u2013 ebenso \u00fcber die Gro\u00dfbildleinwand im Festsaal des Hotels Radisson Blu in Rostock flimmerte wie die Fotos der vergangenen 19 Reunions, die der r\u00fchrige \u201eEinsatzoffizier\u201c nach dem wie \u00fcblich positiv ausgefallenen Bericht von \u201eRechnungsf\u00fchrer\u201c Oberstleutnant J\u00fcrgen Schumann im Schnelldurchlauf pr\u00e4sentierte: Vom Abschied von der MiG 2004, als die letzten deutschen FULCRUMs an die polnische Luftwaffe \u00fcbergeben wurden (mit denen 2015 bei der 13. und ersten Auslands-Reunion in Danzig und Malborg ein Wiedersehen gefeiertwurde) \u00fcber die Veranstaltungen in Dierhagen, Dresden, Rostock, Berlin, Leipzig, Graal-M\u00fcritz, Potsdam und Laage bis hin zur 15. und zweiten Auslands-Reunion im \u00f6sterreichischen Salzburg 2017 und der 18. und dritten Auslands-Reunion 2022 im schweizerischen Luzern mit Besuch der Axalp-Airshow der eidgen\u00f6ssischen Luftwaffe. Corona-bedingt fielen 2020 und 2021 die Treffen aus und 2021 gab es nur eine kleinere Zusammenkunft in der von Oberstleutnant a.D. Bernd Pf\u00e4hler \u2013 ebenfalls \u201eEinsatzoffizier\u201c der Traditionsstaffel \u2013 mitbetriebenen Kneipe \u201eSchallmauer\u201c in Rostock, die auch am Ankunftstag zur 20. Reunion der abendliche Anlaufpunkt f\u00fcr die Teilnehmer mit gro\u00dfz\u00fcgig gesponsertem Biervorrat wurde.<img loading=\"lazy\" decoding=\"async\" class=\"aligncenter\" src=\"http:\/\/www.fabulousfulcrums.de\/cms\/wp-content\/uploads\/2024\/11\/IMG_1618-scaled.jpg\" alt=\"\" width=\"367\" height=\"244\" \/><\/p>\n<p>Und nun? \u201eQuo vadis\u201c, fragte Steiniger am Ende seines Vortrags. Wie geht es weiter? \u201eIch bin gerne der Funke, aber das Feuer seid Ihr\u201c, gab er den mehr als 70 Jubil\u00e4ums-Teilnehmern mit auf den Weg. Er sei gerne bereit, weitere 20 Reunions zu planen. \u201eAlso: Macht Vorschl\u00e4ge!\u201c Die kamen denn auch im Laufe des Essens und dem weiteren Fortgang der Feier. Durchaus m\u00f6glich, dass die n\u00e4chste Reunion im bayrischen Manching stattfindet \u2013 mit Besichtigung der dortigen Eurofighter-Fertigung \u2013 und eine weitere gar in Spanien. Die Zukunft wird es zeigen. Aber erst einmal wurde die Nummer 20 ausgiebig begangen, wenn auch nicht so weit in die fr\u00fchen Morgenstunden, wie es fr\u00fcher \u00fcblich war: Schon um 2.30 Uhr sammelten sich die Reste, um auf ihre Zimmer zu verschwinden. Kann es sein, dass wir \u00e4lter werden?! <img loading=\"lazy\" decoding=\"async\" class=\"aligncenter\" src=\"http:\/\/www.fabulousfulcrums.de\/cms\/wp-content\/uploads\/2024\/11\/IMG_1706-scaled.jpg\" alt=\"\" width=\"365\" height=\"243\" \/><\/p>\n<p><a href=\"http:\/\/www.fabulousfulcrums.de\/cms\/?page_id=5901\">Bilder f\u00fcr Mitglieder<\/a><\/p>\n","protected":false},"excerpt":{"rendered":"<p>Das Jubil\u00e4um Jubil\u00e4en bilden stets den Anlass zu R\u00fcckblicken, und die 20. Reunion der FULCRUM-Traditionsstaffel machte da keine Ausnahme. Oberstleutnant a.D. Peter \u201eSTOINI\u201c Steiniger, einer der drei \u201eEinsatzoffiziere\u201c der Staffel und nach den Worten von \u201eStaffelkapit\u00e4n\u201c Generalleutnant a.D. J\u00fcrgen H\u00f6che der \u201eSpiritus rector\u201c der Traditionsgemeinschaft, drohte zwar, diese auf nur \u201ewenige Stunden\u201c zu beschr\u00e4nken, aber &hellip; <\/p>\n<p><a class=\"more-link btn\" href=\"http:\/\/www.fabulousfulcrums.de\/cms\/?page_id=5769\">Weiterlesen<\/a><\/p>\n","protected":false},"author":68,"featured_media":0,"parent":0,"menu_order":0,"comment_status":"closed","ping_status":"closed","template":"","meta":{"footnotes":""},"class_list":["post-5769","page","type-page","status-publish","hentry","nodate","item-wrap"],"_links":{"self":[{"href":"http:\/\/www.fabulousfulcrums.de\/cms\/index.php?rest_route=\/wp\/v2\/pages\/5769","targetHints":{"allow":["GET"]}}],"collection":[{"href":"http:\/\/www.fabulousfulcrums.de\/cms\/index.php?rest_route=\/wp\/v2\/pages"}],"about":[{"href":"http:\/\/www.fabulousfulcrums.de\/cms\/index.php?rest_route=\/wp\/v2\/types\/page"}],"author":[{"embeddable":true,"href":"http:\/\/www.fabulousfulcrums.de\/cms\/index.php?rest_route=\/wp\/v2\/users\/68"}],"replies":[{"embeddable":true,"href":"http:\/\/www.fabulousfulcrums.de\/cms\/index.php?rest_route=%2Fwp%2Fv2%2Fcomments&post=5769"}],"version-history":[{"count":33,"href":"http:\/\/www.fabulousfulcrums.de\/cms\/index.php?rest_route=\/wp\/v2\/pages\/5769\/revisions"}],"predecessor-version":[{"id":6115,"href":"http:\/\/www.fabulousfulcrums.de\/cms\/index.php?rest_route=\/wp\/v2\/pages\/5769\/revisions\/6115"}],"wp:attachment":[{"href":"http:\/\/www.fabulousfulcrums.de\/cms\/index.php?rest_route=%2Fwp%2Fv2%2Fmedia&parent=5769"}],"curies":[{"name":"wp","href":"https:\/\/api.w.org\/{rel}","templated":true}]}}