{"id":6261,"date":"2025-11-14T12:56:17","date_gmt":"2025-11-14T11:56:17","guid":{"rendered":"http:\/\/www.fabulousfulcrums.de\/cms\/?page_id=6261"},"modified":"2025-12-29T16:52:37","modified_gmt":"2025-12-29T15:52:37","slug":"21-reunion-in-oberschleissheim-muenchen","status":"publish","type":"page","link":"http:\/\/www.fabulousfulcrums.de\/cms\/?page_id=6261","title":{"rendered":"21.Reunion in Oberschlei\u00dfheim\/M\u00fcnchen"},"content":{"rendered":"<h2><strong>ttt \u2013 Telefone, Triebwerke, Trachten<\/strong><\/h2>\n<p style=\"text-align: center;\">Als sich der Staffelkapit\u00e4n der FULCRUM-Staffel GenLt.a.D. H\u00f6che in Berlin auf den Weg machte und den Bus Richtung Flughafen benutzte muss es wohl passiert sein: sein Handy rutschte ihm aus der Ges\u00e4\u00dftasche und er bemerkte es erst, als es zu sp\u00e4t war. Spoiler: Er hat es wiederbekommen, es gibt noch ehrliche Finder. Aber nach guter alter Schule ging es f\u00fcr ihn von nun an komplett analog \u00fcber Fl\u00fcge Berlin-Br\u00fcssel-M\u00fcnchen, durch den M\u00fcnchner Dschungel ins Hotel \u201eZum Kurf\u00fcrst\u201c nach Oberschlei\u00dfheim. Dort hatte in diesem Jahr Rainer Hankowiak als PO alles zum Besten bereitet. Als Hauptevent hatte er f\u00fcr den Freitag eine Werksbesichtigung der MTU Werke arrangiert. Hier wurden die alten MiG-29 Jockeys nach vielen Jahren dar\u00fcber aufgekl\u00e4rt, was so alles passierte, wenn die linke Hand die Leistungshebel nach vorne schob und der Jet beschleunigte. Ein sehr gut organisierter und kurzweiliger Tag f\u00fchrte durch das Werksmuseum, die Fertigung, Pr\u00fcfst\u00e4nde und nat\u00fcrlich die Kantine. Gute Vortr\u00e4ge von Fachpersonal, das zum Teil sogar zu Laager Zeiten noch an MiG-29 Triebwerken geschraubt hatte, zeigten wie leidenschaftlich man sich auch mit Triebwerken ohne das dazugeh\u00f6rige Flugzeug identifizieren kann.<\/p>\n<p style=\"text-align: center;\"><a href=\"http:\/\/www.fabulousfulcrums.de\/cms\/wp-content\/uploads\/2025\/11\/IMG-20251107-WA0009.jpg\" data-rel=\"lightbox-image-0\" data-imagelightbox=\"0\" data-rl_title=\"\" data-rl_caption=\"\" title=\"\">\u00a0<img loading=\"lazy\" decoding=\"async\" class=\"alignnone\" src=\"http:\/\/www.fabulousfulcrums.de\/cms\/wp-content\/uploads\/2025\/11\/IMG-20251107-WA0009.jpg\" alt=\"\" width=\"228\" height=\"128\" \/>\u00a0 \u00a0 \u00a0<\/a><a href=\"http:\/\/www.fabulousfulcrums.de\/cms\/wp-content\/uploads\/2025\/11\/20251107_114055-1-scaled.jpg\" data-rel=\"lightbox-image-1\" data-imagelightbox=\"1\" data-rl_title=\"\" data-rl_caption=\"\" title=\"\"><img loading=\"lazy\" decoding=\"async\" class=\"alignnone\" src=\"http:\/\/www.fabulousfulcrums.de\/cms\/wp-content\/uploads\/2025\/11\/20251107_114055-1-scaled.jpg\" alt=\"\" width=\"227\" height=\"128\" \/><\/a><\/p>\n<p style=\"text-align: center;\">W\u00e4hrend die Herren der Sch\u00f6pfung dem Jet-Noise fr\u00f6nten, unternahmen unsere Ladies unter der F\u00fchrung von Hankowiaks Frau Gabi einen Ausflug in die Innenstadt von M\u00fcnchen. Gabi hat wohl ihren Beruf als Fremdenf\u00fchrerin verfehlt, denn ihre Tour und ihre Ausf\u00fchrungen begeisterten alle Teilnehmerinnen!<\/p>\n<p><a href=\"http:\/\/www.fabulousfulcrums.de\/cms\/wp-content\/uploads\/2025\/11\/IMG-20251107-WA0025.jpg\" data-rel=\"lightbox-image-2\" data-imagelightbox=\"2\" data-rl_title=\"\" data-rl_caption=\"\" title=\"\"><img loading=\"lazy\" decoding=\"async\" class=\"aligncenter\" src=\"http:\/\/www.fabulousfulcrums.de\/cms\/wp-content\/uploads\/2025\/11\/IMG-20251107-WA0025.jpg\" alt=\"\" width=\"204\" height=\"362\" \/><\/a><\/p>\n<p style=\"text-align: center;\">Der Samstag war zur freien Verf\u00fcgung und da das Schloss Schlei\u00dfheim fu\u00dfl\u00e4ufig zu erreichen war, fanden sich viele auf dem riesigen Wintermarkt wieder, der zuf\u00e4llig an diesem Wochenende im Schlosshof stattfand. Ein Besuch der Flugzeugwerft des Deutschen Museums, die sich gleich hinter dem Schlosspark befindet, rundete das Tagesprogramm perfekt ab. An dieser Stelle muss der ttt Aspekt \u201eTelefon\u201c erg\u00e4nzt werden, denn der EStO der Staffel dachte sich: \u201eWenn der StaKa eine Reunion ohne Handy feiern kann, dann kann ich das auch!\u201c und lie\u00df kurzerhand das seine zu Boden fallen, was zum Totalverlust des Displays f\u00fchrte. Wer braucht schon ein Handy.<\/p>\n<p style=\"text-align: center;\">Von nun an war der ReF\u00fc OTL J\u00fcrgen Schumann f\u00fcr die Fotos verantwortlich und es nahte der Zeitpunkt der Abendveranstaltung der Reunion. Einige Mitglieder waren noch am Tag angereist um sich p\u00fcnktlich um 18:29 Uhr in der Lobby zum Gruppenbild zu versammeln. Der EStO hatte den Dresscode f\u00fcr den Abend mit \u201eleger\u201c festgelegt und als witzigen Zusatz geschrieben: \u201eihr k\u00f6nnt auch in Lederhosen kommen\u201c. Das Gejohle war gro\u00df als nun tats\u00e4chlich einige Mitglieder in Lederhosen und die Frauen im schicken Dirndl hereinspazierten! Bravo und Respekt! Dabei muss unser amerikanischer Austauschpilot \u201eBubba\u201c Jaensch extra erw\u00e4hnt werden. Nicht nur faszinierte er mit seiner deutschen Familiengeschichte, die er in abendlicher Runde zum Besten gab, sondern auch er lie\u00df sich in einem Trachtengesch\u00e4ft \u201evollausstatten\u201c und erschien exakt um 18:29 im Luis-Trenker-Look!! Bubba war in diesem Jahr der \u201ePlayer of the Match\u201c<\/p>\n<p style=\"text-align: center;\"><a href=\"http:\/\/www.fabulousfulcrums.de\/cms\/wp-content\/uploads\/2025\/11\/20251108_182351-scaled.jpg\" data-rel=\"lightbox-image-3\" data-imagelightbox=\"3\" data-rl_title=\"\" data-rl_caption=\"\" title=\"\"><img loading=\"lazy\" decoding=\"async\" class=\"alignnone\" src=\"http:\/\/www.fabulousfulcrums.de\/cms\/wp-content\/uploads\/2025\/11\/20251108_182351-scaled.jpg\" alt=\"\" width=\"252\" height=\"142\" \/><\/a><\/p>\n<p style=\"text-align: center;\">Hankowiaks Sohn Achim, der mit seiner Frau Jasmin an der Reunion teilnahm, hatte eine besondere \u00dcberraschung f\u00fcr uns im Gep\u00e4ck! Als es nach dem Gruppenbild \u201eEinr\u00fccken!\u201c hie\u00df, staunten wir nicht schlecht, als uns im Speiseraum eine riesige MiG-29 empfing.\u00a0<a style=\"color: #9538c5; outline: 0px;\" href=\"http:\/\/www.fabulousfulcrums.de\/cms\/wp-content\/uploads\/2025\/11\/20251108_183457-scaled.jpg\" data-rel=\"lightbox-image-4\" data-imagelightbox=\"4\" data-rl_title=\"\" data-rl_caption=\"\" title=\"\"><img loading=\"lazy\" decoding=\"async\" class=\"aligncenter\" src=\"http:\/\/www.fabulousfulcrums.de\/cms\/wp-content\/uploads\/2025\/11\/20251108_183457-scaled.jpg\" alt=\"\" width=\"254\" height=\"143\" \/><\/a>Ein absolut echt wirkendes, flugf\u00e4higes, \u00fcber 2m langes Modell leistete uns Gesellschaft \u2013 fantastisch! Das bayrische Buffet \u00fcberzeugte und ein geselliger Abend nahm seinen Lauf bis in die Morgenstunden.<\/p>\n<p style=\"text-align: center;\"><a href=\"http:\/\/www.fabulousfulcrums.de\/cms\/wp-content\/uploads\/2025\/11\/IMG-20251114-WA0002.jpg\" data-rel=\"lightbox-image-5\" data-imagelightbox=\"5\" data-rl_title=\"\" data-rl_caption=\"\" title=\"\"><img loading=\"lazy\" decoding=\"async\" class=\"aligncenter\" src=\"http:\/\/www.fabulousfulcrums.de\/cms\/wp-content\/uploads\/2025\/11\/IMG-20251114-WA0002.jpg\" alt=\"\" width=\"556\" height=\"313\" \/><\/a><\/p>\n<p style=\"text-align: center;\"><a href=\"http:\/\/www.fabulousfulcrums.de\/cms\/?page_id=6386\">Bilder f\u00fcr Staffelmitglieder<\/a><\/p>\n","protected":false},"excerpt":{"rendered":"<p>ttt \u2013 Telefone, Triebwerke, Trachten Als sich der Staffelkapit\u00e4n der FULCRUM-Staffel GenLt.a.D. H\u00f6che in Berlin auf den Weg machte und den Bus Richtung Flughafen benutzte muss es wohl passiert sein: sein Handy rutschte ihm aus der Ges\u00e4\u00dftasche und er bemerkte es erst, als es zu sp\u00e4t war. Spoiler: Er hat es wiederbekommen, es gibt noch &hellip; <\/p>\n<p><a class=\"more-link btn\" href=\"http:\/\/www.fabulousfulcrums.de\/cms\/?page_id=6261\">Weiterlesen<\/a><\/p>\n","protected":false},"author":68,"featured_media":0,"parent":0,"menu_order":0,"comment_status":"closed","ping_status":"closed","template":"","meta":{"footnotes":""},"class_list":["post-6261","page","type-page","status-publish","hentry","nodate","item-wrap"],"_links":{"self":[{"href":"http:\/\/www.fabulousfulcrums.de\/cms\/index.php?rest_route=\/wp\/v2\/pages\/6261","targetHints":{"allow":["GET"]}}],"collection":[{"href":"http:\/\/www.fabulousfulcrums.de\/cms\/index.php?rest_route=\/wp\/v2\/pages"}],"about":[{"href":"http:\/\/www.fabulousfulcrums.de\/cms\/index.php?rest_route=\/wp\/v2\/types\/page"}],"author":[{"embeddable":true,"href":"http:\/\/www.fabulousfulcrums.de\/cms\/index.php?rest_route=\/wp\/v2\/users\/68"}],"replies":[{"embeddable":true,"href":"http:\/\/www.fabulousfulcrums.de\/cms\/index.php?rest_route=%2Fwp%2Fv2%2Fcomments&post=6261"}],"version-history":[{"count":21,"href":"http:\/\/www.fabulousfulcrums.de\/cms\/index.php?rest_route=\/wp\/v2\/pages\/6261\/revisions"}],"predecessor-version":[{"id":6413,"href":"http:\/\/www.fabulousfulcrums.de\/cms\/index.php?rest_route=\/wp\/v2\/pages\/6261\/revisions\/6413"}],"wp:attachment":[{"href":"http:\/\/www.fabulousfulcrums.de\/cms\/index.php?rest_route=%2Fwp%2Fv2%2Fmedia&parent=6261"}],"curies":[{"name":"wp","href":"https:\/\/api.w.org\/{rel}","templated":true}]}}